{"id":915,"date":"2025-04-07T08:40:33","date_gmt":"2025-04-07T08:40:33","guid":{"rendered":"https:\/\/lasvillasibizarentals.com\/blog\/"},"modified":"2026-02-23T18:54:03","modified_gmt":"2026-02-23T18:54:03","slug":"blog","status":"publish","type":"page","link":"https:\/\/lasvillasibizarentals.com\/fr\/blog\/","title":{"rendered":"Blog"},"content":{"rendered":"\t\t<div data-elementor-type=\"wp-page\" data-elementor-id=\"915\" class=\"elementor elementor-915 elementor-254\" data-elementor-post-type=\"page\">\n\t\t\t\t<div class=\"elementor-element elementor-element-a9eed5f e-flex e-con-boxed e-con e-parent\" data-id=\"a9eed5f\" data-element_type=\"container\" data-e-type=\"container\" data-settings=\"{&quot;background_background&quot;:&quot;classic&quot;}\">\n\t\t\t\t\t<div class=\"e-con-inner\">\n\t\t<div class=\"elementor-element elementor-element-9b06e4b e-con-full e-flex e-con e-child\" data-id=\"9b06e4b\" data-element_type=\"container\" data-e-type=\"container\">\n\t\t\t\t<div class=\"elementor-element elementor-element-27caac2 elementor-widget elementor-widget-heading\" data-id=\"27caac2\" data-element_type=\"widget\" data-e-type=\"widget\" data-settings=\"{&quot;motion_fx_motion_fx_scrolling&quot;:&quot;yes&quot;,&quot;motion_fx_blur_effect&quot;:&quot;yes&quot;,&quot;motion_fx_blur_direction&quot;:&quot;out-in-out&quot;,&quot;motion_fx_blur_range&quot;:{&quot;unit&quot;:&quot;%&quot;,&quot;size&quot;:&quot;&quot;,&quot;sizes&quot;:{&quot;start&quot;:52,&quot;end&quot;:81}},&quot;motion_fx_blur_level&quot;:{&quot;unit&quot;:&quot;px&quot;,&quot;size&quot;:7,&quot;sizes&quot;:[]},&quot;motion_fx_devices&quot;:[&quot;desktop&quot;,&quot;tablet&quot;,&quot;mobile&quot;]}\" data-widget_type=\"heading.default\">\n\t\t\t\t<div class=\"elementor-widget-container\">\n\t\t\t\t\t<h1 class=\"elementor-heading-title elementor-size-default\">Blog<\/h1>\t\t\t\t<\/div>\n\t\t\t\t<\/div>\n\t\t\t\t<\/div>\n\t\t\t\t\t<\/div>\n\t\t\t\t<\/div>\n\t\t<div class=\"elementor-element elementor-element-be2ebe0 e-flex e-con-boxed e-con e-parent\" data-id=\"be2ebe0\" data-element_type=\"container\" data-e-type=\"container\">\n\t\t\t\t\t<div class=\"e-con-inner\">\n\t\t\t\t<div class=\"elementor-element elementor-element-f519717 elementor-grid-3 elementor-grid-tablet-2 elementor-grid-mobile-1 elementor-posts--thumbnail-top elementor-card-shadow-yes elementor-posts__hover-gradient elementor-widget elementor-widget-posts\" data-id=\"f519717\" data-element_type=\"widget\" data-e-type=\"widget\" data-settings=\"{&quot;cards_columns&quot;:&quot;3&quot;,&quot;cards_columns_tablet&quot;:&quot;2&quot;,&quot;cards_columns_mobile&quot;:&quot;1&quot;,&quot;cards_row_gap&quot;:{&quot;unit&quot;:&quot;px&quot;,&quot;size&quot;:35,&quot;sizes&quot;:[]},&quot;cards_row_gap_tablet&quot;:{&quot;unit&quot;:&quot;px&quot;,&quot;size&quot;:&quot;&quot;,&quot;sizes&quot;:[]},&quot;cards_row_gap_mobile&quot;:{&quot;unit&quot;:&quot;px&quot;,&quot;size&quot;:&quot;&quot;,&quot;sizes&quot;:[]}}\" data-widget_type=\"posts.cards\">\n\t\t\t\t<div class=\"elementor-widget-container\">\n\t\t\t\t\t\t\t<div class=\"elementor-posts-container elementor-posts elementor-posts--skin-cards elementor-grid\" role=\"list\">\n\t\t\t\t<article class=\"elementor-post elementor-grid-item post-1092 post type-post status-publish format-standard has-post-thumbnail hentry category-non-categorise\" role=\"listitem\">\n\t\t\t<div class=\"elementor-post__card\">\n\t\t\t\t<a class=\"elementor-post__thumbnail__link\" href=\"https:\/\/lasvillasibizarentals.com\/fr\/le-golden-visa-une-voie-rapide-vers-la-residence-et-la-citoyennete-europeenne\/\" tabindex=\"-1\" ><div class=\"elementor-post__thumbnail\"><img fetchpriority=\"high\" decoding=\"async\" width=\"300\" height=\"200\" src=\"https:\/\/lasvillasibizarentals.com\/wp-content\/uploads\/2025\/04\/ID33460000-0000-0500-0000-000011089fb5.jpg-300x200.webp\" class=\"attachment-medium size-medium wp-image-1093\" alt=\"\" srcset=\"https:\/\/lasvillasibizarentals.com\/wp-content\/uploads\/2025\/04\/ID33460000-0000-0500-0000-000011089fb5.jpg-300x200.webp 300w, https:\/\/lasvillasibizarentals.com\/wp-content\/uploads\/2025\/04\/ID33460000-0000-0500-0000-000011089fb5.jpg-1024x682.webp 1024w, https:\/\/lasvillasibizarentals.com\/wp-content\/uploads\/2025\/04\/ID33460000-0000-0500-0000-000011089fb5.jpg-768x512.webp 768w, https:\/\/lasvillasibizarentals.com\/wp-content\/uploads\/2025\/04\/ID33460000-0000-0500-0000-000011089fb5.jpg.webp 1280w\" sizes=\"(max-width: 300px) 100vw, 300px\" \/><\/div><\/a>\n\t\t\t\t<div class=\"elementor-post__badge\">Non cat\u00e9goris\u00e9<\/div>\n\t\t\t\t<div class=\"elementor-post__text\">\n\t\t\t\t<h3 class=\"elementor-post__title\">\n\t\t\t<a href=\"https:\/\/lasvillasibizarentals.com\/fr\/le-golden-visa-une-voie-rapide-vers-la-residence-et-la-citoyennete-europeenne\/\" >\n\t\t\t\tLe Golden Visa: une voie rapide vers la r\u00e9sidence et la citoyennet\u00e9 europ\u00e9enne\t\t\t<\/a>\n\t\t<\/h3>\n\t\t\t\t<div class=\"elementor-post__excerpt\">\n\t\t\t<p>Depuis le d\u00e9but de la mondialisation et au fil des<\/p>\n\t\t<\/div>\n\t\t\n\t\t<a class=\"elementor-post__read-more\" href=\"https:\/\/lasvillasibizarentals.com\/fr\/le-golden-visa-une-voie-rapide-vers-la-residence-et-la-citoyennete-europeenne\/\" aria-label=\"En savoir plus sur Le Golden Visa: une voie rapide vers la r\u00e9sidence et la citoyennet\u00e9 europ\u00e9enne\" tabindex=\"-1\" >\n\t\t\tLire la suite \"\t\t<\/a>\n\n\t\t\t\t<\/div>\n\t\t\t\t<div class=\"elementor-post__meta-data\">\n\t\t\t\t\t<span class=\"elementor-post-date\">\n\t\t\tavril 7, 2025\t\t<\/span>\n\t\t\t\t<span class=\"elementor-post-avatar\">\n\t\t\tAucun commentaire\t\t<\/span>\n\t\t\t\t<\/div>\n\t\t\t\t\t<\/div>\n\t\t<\/article>\n\t\t\t\t<article class=\"elementor-post elementor-grid-item post-1103 post type-post status-publish format-standard has-post-thumbnail hentry category-non-categorise\" role=\"listitem\">\n\t\t\t<div class=\"elementor-post__card\">\n\t\t\t\t<a class=\"elementor-post__thumbnail__link\" href=\"https:\/\/lasvillasibizarentals.com\/fr\/ils-parlent-de-nous\/\" tabindex=\"-1\" ><div class=\"elementor-post__thumbnail\"><img decoding=\"async\" width=\"265\" height=\"300\" src=\"https:\/\/lasvillasibizarentals.com\/wp-content\/uploads\/2025\/04\/ID35460000-0000-0500-0000-00001108aa70.jpg-265x300.webp\" class=\"attachment-medium size-medium wp-image-1104\" alt=\"\" srcset=\"https:\/\/lasvillasibizarentals.com\/wp-content\/uploads\/2025\/04\/ID35460000-0000-0500-0000-00001108aa70.jpg-265x300.webp 265w, https:\/\/lasvillasibizarentals.com\/wp-content\/uploads\/2025\/04\/ID35460000-0000-0500-0000-00001108aa70.jpg-768x870.webp 768w, https:\/\/lasvillasibizarentals.com\/wp-content\/uploads\/2025\/04\/ID35460000-0000-0500-0000-00001108aa70.jpg.webp 904w\" sizes=\"(max-width: 265px) 100vw, 265px\" \/><\/div><\/a>\n\t\t\t\t<div class=\"elementor-post__badge\">Non cat\u00e9goris\u00e9<\/div>\n\t\t\t\t<div class=\"elementor-post__text\">\n\t\t\t\t<h3 class=\"elementor-post__title\">\n\t\t\t<a href=\"https:\/\/lasvillasibizarentals.com\/fr\/ils-parlent-de-nous\/\" >\n\t\t\t\tIls parlent de nous !\t\t\t<\/a>\n\t\t<\/h3>\n\t\t\t\t<div class=\"elementor-post__excerpt\">\n\t\t\t<p>Article r\u00e9dig\u00e9 par le c\u00e9l\u00e8bre journal \u00ab Le Courrier d\u2019Espagne<\/p>\n\t\t<\/div>\n\t\t\n\t\t<a class=\"elementor-post__read-more\" href=\"https:\/\/lasvillasibizarentals.com\/fr\/ils-parlent-de-nous\/\" aria-label=\"En savoir plus sur Ils parlent de nous !\" tabindex=\"-1\" >\n\t\t\tLire la suite \"\t\t<\/a>\n\n\t\t\t\t<\/div>\n\t\t\t\t<div class=\"elementor-post__meta-data\">\n\t\t\t\t\t<span class=\"elementor-post-date\">\n\t\t\tavril 7, 2025\t\t<\/span>\n\t\t\t\t<span class=\"elementor-post-avatar\">\n\t\t\tAucun commentaire\t\t<\/span>\n\t\t\t\t<\/div>\n\t\t\t\t\t<\/div>\n\t\t<\/article>\n\t\t\t\t<article class=\"elementor-post elementor-grid-item post-1110 post type-post status-publish format-standard has-post-thumbnail hentry category-non-categorise\" role=\"listitem\">\n\t\t\t<div class=\"elementor-post__card\">\n\t\t\t\t<a class=\"elementor-post__thumbnail__link\" href=\"https:\/\/lasvillasibizarentals.com\/fr\/hello-world\/\" tabindex=\"-1\" ><div class=\"elementor-post__thumbnail\"><img decoding=\"async\" width=\"300\" height=\"171\" src=\"https:\/\/lasvillasibizarentals.com\/wp-content\/uploads\/2025\/03\/ID18650000-0000-0500-0000-000013ae3c6a.jpg-300x171.webp\" class=\"attachment-medium size-medium wp-image-1111\" alt=\"\" srcset=\"https:\/\/lasvillasibizarentals.com\/wp-content\/uploads\/2025\/03\/ID18650000-0000-0500-0000-000013ae3c6a.jpg-300x171.webp 300w, https:\/\/lasvillasibizarentals.com\/wp-content\/uploads\/2025\/03\/ID18650000-0000-0500-0000-000013ae3c6a.jpg-1024x585.webp 1024w, https:\/\/lasvillasibizarentals.com\/wp-content\/uploads\/2025\/03\/ID18650000-0000-0500-0000-000013ae3c6a.jpg-768x439.webp 768w, https:\/\/lasvillasibizarentals.com\/wp-content\/uploads\/2025\/03\/ID18650000-0000-0500-0000-000013ae3c6a.jpg.webp 1050w\" sizes=\"(max-width: 300px) 100vw, 300px\" \/><\/div><\/a>\n\t\t\t\t<div class=\"elementor-post__badge\">Non cat\u00e9goris\u00e9<\/div>\n\t\t\t\t<div class=\"elementor-post__text\">\n\t\t\t\t<h3 class=\"elementor-post__title\">\n\t\t\t<a href=\"https:\/\/lasvillasibizarentals.com\/fr\/hello-world\/\" >\n\t\t\t\tCASAS CON LICENCIA TUR\u00cdSTICA\t\t\t<\/a>\n\t\t<\/h3>\n\t\t\t\t<div class=\"elementor-post__excerpt\">\n\t\t\t<p>Qu\u00e9 es y c\u00f3mo obtenerla En la isla de Ibiza,<\/p>\n\t\t<\/div>\n\t\t\n\t\t<a class=\"elementor-post__read-more\" href=\"https:\/\/lasvillasibizarentals.com\/fr\/hello-world\/\" aria-label=\"En savoir plus sur CASAS CON LICENCIA TUR\u00cdSTICA\" tabindex=\"-1\" >\n\t\t\tLire la suite \"\t\t<\/a>\n\n\t\t\t\t<\/div>\n\t\t\t\t<div class=\"elementor-post__meta-data\">\n\t\t\t\t\t<span class=\"elementor-post-date\">\n\t\t\tmars 19, 2025\t\t<\/span>\n\t\t\t\t<span class=\"elementor-post-avatar\">\n\t\t\tAucun commentaire\t\t<\/span>\n\t\t\t\t<\/div>\n\t\t\t\t\t<\/div>\n\t\t<\/article>\n\t\t\t\t<\/div>\n\t\t\n\t\t\t\t\t\t<\/div>\n\t\t\t\t<\/div>\n\t\t\t\t\t<\/div>\n\t\t\t\t<\/div>\n\t\t\t\t<\/div>\n\t\t","protected":false},"excerpt":{"rendered":"<p>Blog<\/p>\n","protected":false},"author":2,"featured_media":0,"parent":0,"menu_order":0,"comment_status":"closed","ping_status":"closed","template":"elementor_header_footer","meta":{"_acf_changed":false,"footnotes":""},"class_list":["post-915","page","type-page","status-publish","hentry"],"acf":[],"yoast_head":"<!-- This site is optimized with the Yoast SEO plugin v27.0 - https:\/\/yoast.com\/product\/yoast-seo-wordpress\/ -->\n<title>Blog - Las Villas de Ibiza<\/title>\n<meta name=\"robots\" content=\"noindex, follow, max-snippet:-1, max-image-preview:large, max-video-preview:-1\" \/>\n<meta property=\"og:locale\" content=\"fr_FR\" \/>\n<meta property=\"og:type\" content=\"article\" \/>\n<meta property=\"og:title\" content=\"Blog - Las Villas de Ibiza\" \/>\n<meta property=\"og:description\" content=\"Blog\" \/>\n<meta property=\"og:url\" content=\"https:\/\/lasvillasibizarentals.com\/fr\/blog\/\" \/>\n<meta property=\"og:site_name\" content=\"Las Villas de Ibiza\" \/>\n<meta property=\"article:modified_time\" content=\"2026-02-23T18:54:03+00:00\" \/>\n<meta name=\"twitter:card\" content=\"summary_large_image\" \/>\n<meta name=\"twitter:label1\" content=\"Dur\u00e9e de lecture estim\u00e9e\" \/>\n\t<meta name=\"twitter:data1\" content=\"3 minutes\" \/>\n<script type=\"application\/ld+json\" class=\"yoast-schema-graph\">{\"@context\":\"https:\/\/schema.org\",\"@graph\":[{\"@type\":\"WebPage\",\"@id\":\"https:\/\/lasvillasibizarentals.com\/fr\/blog\/\",\"url\":\"https:\/\/lasvillasibizarentals.com\/fr\/blog\/\",\"name\":\"Blog - Las Villas de Ibiza\",\"isPartOf\":{\"@id\":\"https:\/\/lasvillasibizarentals.com\/fr\/#website\"},\"datePublished\":\"2025-04-07T08:40:33+00:00\",\"dateModified\":\"2026-02-23T18:54:03+00:00\",\"breadcrumb\":{\"@id\":\"https:\/\/lasvillasibizarentals.com\/fr\/blog\/#breadcrumb\"},\"inLanguage\":\"fr-FR\",\"potentialAction\":[{\"@type\":\"ReadAction\",\"target\":[\"https:\/\/lasvillasibizarentals.com\/fr\/blog\/\"]}]},{\"@type\":\"BreadcrumbList\",\"@id\":\"https:\/\/lasvillasibizarentals.com\/fr\/blog\/#breadcrumb\",\"itemListElement\":[{\"@type\":\"ListItem\",\"position\":1,\"name\":\"Portada\",\"item\":\"https:\/\/lasvillasibizarentals.com\/fr\/\"},{\"@type\":\"ListItem\",\"position\":2,\"name\":\"Blog\"}]},{\"@type\":\"WebSite\",\"@id\":\"https:\/\/lasvillasibizarentals.com\/fr\/#website\",\"url\":\"https:\/\/lasvillasibizarentals.com\/fr\/\",\"name\":\"Las Villas de Ibiza\",\"description\":\"Alquiler de villas en Ibiza\",\"potentialAction\":[{\"@type\":\"SearchAction\",\"target\":{\"@type\":\"EntryPoint\",\"urlTemplate\":\"https:\/\/lasvillasibizarentals.com\/fr\/?s={search_term_string}\"},\"query-input\":{\"@type\":\"PropertyValueSpecification\",\"valueRequired\":true,\"valueName\":\"search_term_string\"}}],\"inLanguage\":\"fr-FR\"}]}<\/script>\n<!-- \/ Yoast SEO plugin. -->","yoast_head_json":{"title":"Blog - Las Villas de Ibiza","robots":{"index":"noindex","follow":"follow","max-snippet":"max-snippet:-1","max-image-preview":"max-image-preview:large","max-video-preview":"max-video-preview:-1"},"og_locale":"fr_FR","og_type":"article","og_title":"Blog - Las Villas de Ibiza","og_description":"Blog","og_url":"https:\/\/lasvillasibizarentals.com\/fr\/blog\/","og_site_name":"Las Villas de Ibiza","article_modified_time":"2026-02-23T18:54:03+00:00","twitter_card":"summary_large_image","twitter_misc":{"Dur\u00e9e de lecture estim\u00e9e":"3 minutes"},"schema":{"@context":"https:\/\/schema.org","@graph":[{"@type":"WebPage","@id":"https:\/\/lasvillasibizarentals.com\/fr\/blog\/","url":"https:\/\/lasvillasibizarentals.com\/fr\/blog\/","name":"Blog - Las Villas de Ibiza","isPartOf":{"@id":"https:\/\/lasvillasibizarentals.com\/fr\/#website"},"datePublished":"2025-04-07T08:40:33+00:00","dateModified":"2026-02-23T18:54:03+00:00","breadcrumb":{"@id":"https:\/\/lasvillasibizarentals.com\/fr\/blog\/#breadcrumb"},"inLanguage":"fr-FR","potentialAction":[{"@type":"ReadAction","target":["https:\/\/lasvillasibizarentals.com\/fr\/blog\/"]}]},{"@type":"BreadcrumbList","@id":"https:\/\/lasvillasibizarentals.com\/fr\/blog\/#breadcrumb","itemListElement":[{"@type":"ListItem","position":1,"name":"Portada","item":"https:\/\/lasvillasibizarentals.com\/fr\/"},{"@type":"ListItem","position":2,"name":"Blog"}]},{"@type":"WebSite","@id":"https:\/\/lasvillasibizarentals.com\/fr\/#website","url":"https:\/\/lasvillasibizarentals.com\/fr\/","name":"Las Villas de Ibiza","description":"Alquiler de villas en Ibiza","potentialAction":[{"@type":"SearchAction","target":{"@type":"EntryPoint","urlTemplate":"https:\/\/lasvillasibizarentals.com\/fr\/?s={search_term_string}"},"query-input":{"@type":"PropertyValueSpecification","valueRequired":true,"valueName":"search_term_string"}}],"inLanguage":"fr-FR"}]}},"_links":{"self":[{"href":"https:\/\/lasvillasibizarentals.com\/fr\/wp-json\/wp\/v2\/pages\/915","targetHints":{"allow":["GET"]}}],"collection":[{"href":"https:\/\/lasvillasibizarentals.com\/fr\/wp-json\/wp\/v2\/pages"}],"about":[{"href":"https:\/\/lasvillasibizarentals.com\/fr\/wp-json\/wp\/v2\/types\/page"}],"author":[{"embeddable":true,"href":"https:\/\/lasvillasibizarentals.com\/fr\/wp-json\/wp\/v2\/users\/2"}],"replies":[{"embeddable":true,"href":"https:\/\/lasvillasibizarentals.com\/fr\/wp-json\/wp\/v2\/comments?post=915"}],"version-history":[{"count":10,"href":"https:\/\/lasvillasibizarentals.com\/fr\/wp-json\/wp\/v2\/pages\/915\/revisions"}],"predecessor-version":[{"id":64180,"href":"https:\/\/lasvillasibizarentals.com\/fr\/wp-json\/wp\/v2\/pages\/915\/revisions\/64180"}],"wp:attachment":[{"href":"https:\/\/lasvillasibizarentals.com\/fr\/wp-json\/wp\/v2\/media?parent=915"}],"curies":[{"name":"wp","href":"https:\/\/api.w.org\/{rel}","templated":true}]}}