{"id":881,"date":"2025-04-11T09:30:36","date_gmt":"2025-04-11T09:30:36","guid":{"rendered":"https:\/\/lasvillasibizarentals.com\/securite-privee\/"},"modified":"2025-04-29T16:28:14","modified_gmt":"2025-04-29T16:28:14","slug":"securite-privee","status":"publish","type":"page","link":"https:\/\/lasvillasibizarentals.com\/fr\/securite-privee\/","title":{"rendered":"S\u00e9curit\u00e9 priv\u00e9e"},"content":{"rendered":"\t\t<div data-elementor-type=\"wp-page\" data-elementor-id=\"881\" class=\"elementor elementor-881 elementor-356\" data-elementor-post-type=\"page\">\n\t\t\t\t<div class=\"elementor-element elementor-element-4c2606a e-flex e-con-boxed e-con e-parent\" data-id=\"4c2606a\" data-element_type=\"container\" data-e-type=\"container\" data-settings=\"{&quot;background_background&quot;:&quot;classic&quot;}\">\n\t\t\t\t\t<div class=\"e-con-inner\">\n\t\t<div class=\"elementor-element elementor-element-9a87558 e-con-full e-flex e-con e-child\" data-id=\"9a87558\" data-element_type=\"container\" data-e-type=\"container\">\n\t\t\t\t<div class=\"elementor-element elementor-element-bcfa8ad elementor-widget elementor-widget-heading\" data-id=\"bcfa8ad\" data-element_type=\"widget\" data-e-type=\"widget\" data-settings=\"{&quot;motion_fx_motion_fx_scrolling&quot;:&quot;yes&quot;,&quot;motion_fx_blur_effect&quot;:&quot;yes&quot;,&quot;motion_fx_blur_direction&quot;:&quot;out-in-out&quot;,&quot;motion_fx_blur_range&quot;:{&quot;unit&quot;:&quot;%&quot;,&quot;size&quot;:&quot;&quot;,&quot;sizes&quot;:{&quot;start&quot;:52,&quot;end&quot;:81}},&quot;motion_fx_blur_level&quot;:{&quot;unit&quot;:&quot;px&quot;,&quot;size&quot;:7,&quot;sizes&quot;:[]},&quot;motion_fx_devices&quot;:[&quot;desktop&quot;,&quot;tablet&quot;,&quot;mobile&quot;]}\" data-widget_type=\"heading.default\">\n\t\t\t\t<div class=\"elementor-widget-container\">\n\t\t\t\t\t<h1 class=\"elementor-heading-title elementor-size-default\">S\u00e9curit\u00e9 priv\u00e9e<\/h1>\t\t\t\t<\/div>\n\t\t\t\t<\/div>\n\t\t\t\t<\/div>\n\t\t\t\t\t<\/div>\n\t\t\t\t<\/div>\n\t\t<div class=\"elementor-element elementor-element-c4b10ef e-flex e-con-boxed e-con e-parent\" data-id=\"c4b10ef\" data-element_type=\"container\" data-e-type=\"container\">\n\t\t\t\t\t<div class=\"e-con-inner\">\n\t\t<div class=\"elementor-element elementor-element-8aac742 e-con-full e-flex e-con e-child\" data-id=\"8aac742\" data-element_type=\"container\" data-e-type=\"container\">\n\t\t\t\t<div class=\"elementor-element elementor-element-a5570ee elementor-widget elementor-widget-heading\" data-id=\"a5570ee\" data-element_type=\"widget\" data-e-type=\"widget\" data-widget_type=\"heading.default\">\n\t\t\t\t<div class=\"elementor-widget-container\">\n\t\t\t\t\t<h2 class=\"elementor-heading-title elementor-size-default\">\nVotre s\u00e9jour \u00e0 Ibiza en toute tranquillit\u00e9 gr\u00e2ce \u00e0 notre service de s\u00e9curit\u00e9<\/h2>\t\t\t\t<\/div>\n\t\t\t\t<\/div>\n\t\t\t\t<div class=\"elementor-element elementor-element-380b2e2 elementor-widget-divider--view-line elementor-widget elementor-widget-divider\" data-id=\"380b2e2\" data-element_type=\"widget\" data-e-type=\"widget\" data-widget_type=\"divider.default\">\n\t\t\t\t<div class=\"elementor-widget-container\">\n\t\t\t\t\t\t\t<div class=\"elementor-divider\">\n\t\t\t<span class=\"elementor-divider-separator\">\n\t\t\t\t\t\t<\/span>\n\t\t<\/div>\n\t\t\t\t\t\t<\/div>\n\t\t\t\t<\/div>\n\t\t\t\t<div class=\"elementor-element elementor-element-95258e1 elementor-widget elementor-widget-text-editor\" data-id=\"95258e1\" data-element_type=\"widget\" data-e-type=\"widget\" data-widget_type=\"text-editor.default\">\n\t\t\t\t<div class=\"elementor-widget-container\">\n\t\t\t\t\t\t\t\t\tservice de s\u00e9curit\u00e9 d&rsquo;ibiza\t\t\t\t\t\t\t\t<\/div>\n\t\t\t\t<\/div>\n\t\t\t\t<\/div>\n\t\t<div class=\"elementor-element elementor-element-5b328d3 e-con-full e-flex e-con e-child\" data-id=\"5b328d3\" data-element_type=\"container\" data-e-type=\"container\">\n\t\t\t\t<div class=\"elementor-element elementor-element-cd247a1 elementor-button-align-stretch elementor-widget elementor-widget-form\" data-id=\"cd247a1\" data-element_type=\"widget\" data-e-type=\"widget\" data-settings=\"{&quot;step_next_label&quot;:&quot;Suivant&quot;,&quot;step_previous_label&quot;:&quot;Pr\\u00e9c\\u00e9dent&quot;,&quot;button_width&quot;:&quot;100&quot;,&quot;step_type&quot;:&quot;number_text&quot;,&quot;step_icon_shape&quot;:&quot;circle&quot;}\" data-widget_type=\"form.default\">\n\t\t\t\t<div class=\"elementor-widget-container\">\n\t\t\t\t\t\t\t<form class=\"elementor-form\" method=\"post\" name=\"Nouveau formulaire\" aria-label=\"Nouveau formulaire\">\n\t\t\t<input type=\"hidden\" name=\"post_id\" value=\"881\"\/>\n\t\t\t<input type=\"hidden\" name=\"form_id\" value=\"cd247a1\"\/>\n\t\t\t<input type=\"hidden\" name=\"referer_title\" value=\"Services de s\u00e9curit\u00e9 priv\u00e9e \u00e0 Ibiza\" \/>\n\n\t\t\t\t\t\t\t<input type=\"hidden\" name=\"queried_id\" value=\"881\"\/>\n\t\t\t\n\t\t\t<div class=\"elementor-form-fields-wrapper elementor-labels-above\">\n\t\t\t\t\t\t\t\t<div class=\"elementor-field-type-text elementor-field-group elementor-column elementor-field-group-name elementor-col-100\">\n\t\t\t\t\t\t\t\t\t\t\t\t\t<input size=\"1\" type=\"text\" name=\"form_fields[name]\" id=\"form-field-name\" class=\"elementor-field elementor-size-sm  elementor-field-textual\" placeholder=\"Nom\">\n\t\t\t\t\t\t\t\t\t\t\t<\/div>\n\t\t\t\t\t\t\t\t<div class=\"elementor-field-type-email elementor-field-group elementor-column elementor-field-group-email elementor-col-100 elementor-field-required\">\n\t\t\t\t\t\t\t\t\t\t\t\t\t<input size=\"1\" type=\"email\" name=\"form_fields[email]\" id=\"form-field-email\" class=\"elementor-field elementor-size-sm  elementor-field-textual\" placeholder=\"Adresse \u00e9lectronique\" required=\"required\">\n\t\t\t\t\t\t\t\t\t\t\t<\/div>\n\t\t\t\t\t\t\t\t<div class=\"elementor-field-type-tel elementor-field-group elementor-column elementor-field-group-field_ce3fa02 elementor-col-100\">\n\t\t\t\t\t\t\t<input size=\"1\" type=\"tel\" name=\"form_fields[field_ce3fa02]\" id=\"form-field-field_ce3fa02\" class=\"elementor-field elementor-size-sm  elementor-field-textual\" placeholder=\"T\u00e9l\u00e9phone\" pattern=\"[0-9()#&amp;+*-=.]+\" title=\"Seuls les caract\u00e8res de num\u00e9ros de t\u00e9l\u00e9phone (#, -, *, etc.) sont accept\u00e9s.\">\n\n\t\t\t\t\t\t<\/div>\n\t\t\t\t\t\t\t\t<div class=\"elementor-field-type-textarea elementor-field-group elementor-column elementor-field-group-message elementor-col-100\">\n\t\t\t\t\t<textarea class=\"elementor-field-textual elementor-field  elementor-size-sm\" name=\"form_fields[message]\" id=\"form-field-message\" rows=\"4\" placeholder=\"Message\"><\/textarea>\t\t\t\t<\/div>\n\t\t\t\t\t\t\t\t<div class=\"elementor-field-type-acceptance elementor-field-group elementor-column elementor-field-group-field_8f44f7d elementor-col-100\">\n\t\t\t\t\t\t\t<div class=\"elementor-field-subgroup\">\n\t\t\t<span class=\"elementor-field-option\">\n\t\t\t\t<input type=\"checkbox\" name=\"form_fields[field_8f44f7d]\" id=\"form-field-field_8f44f7d\" class=\"elementor-field elementor-size-sm  elementor-acceptance-field\">\n\t\t\t\t<label for=\"form-field-field_8f44f7d\">Je d\u00e9clare avoir lu, compris et accept\u00e9 les mentions l\u00e9gales et la politique de confidentialit\u00e9.<\/label>\t\t\t<\/span>\n\t\t<\/div>\n\t\t\t\t\t\t<\/div>\n\t\t\t\t\t\t\t\t<div class=\"elementor-field-group elementor-column elementor-field-type-submit elementor-col-100 e-form__buttons\">\n\t\t\t\t\t<button class=\"elementor-button elementor-size-sm\" type=\"submit\">\n\t\t\t\t\t\t<span class=\"elementor-button-content-wrapper\">\n\t\t\t\t\t\t\t\t\t\t\t\t\t\t\t\t\t\t\t\t\t\t<span class=\"elementor-button-text\">Envoyer<\/span>\n\t\t\t\t\t\t\t\t\t\t\t\t\t<\/span>\n\t\t\t\t\t<\/button>\n\t\t\t\t<\/div>\n\t\t\t<\/div>\n\t\t<\/form>\n\t\t\t\t\t\t<\/div>\n\t\t\t\t<\/div>\n\t\t\t\t<\/div>\n\t\t\t\t\t<\/div>\n\t\t\t\t<\/div>\n\t\t\t\t<\/div>\n\t\t","protected":false},"excerpt":{"rendered":"<p>S\u00e9curit\u00e9 priv\u00e9e Votre s\u00e9jour \u00e0 Ibiza en toute tranquillit\u00e9 gr\u00e2ce \u00e0 notre service de s\u00e9curit\u00e9 service de s\u00e9curit\u00e9 d&rsquo;ibiza<\/p>\n","protected":false},"author":2,"featured_media":0,"parent":0,"menu_order":0,"comment_status":"closed","ping_status":"closed","template":"elementor_header_footer","meta":{"_acf_changed":false,"footnotes":""},"class_list":["post-881","page","type-page","status-publish","hentry"],"acf":[],"yoast_head":"<!-- This site is optimized with the Yoast SEO plugin v27.0 - https:\/\/yoast.com\/product\/yoast-seo-wordpress\/ -->\n<title>Services de s\u00e9curit\u00e9 priv\u00e9e \u00e0 Ibiza<\/title>\n<meta name=\"description\" content=\"Services de s\u00e9curit\u00e9 priv\u00e9e \u00e0 Ibiza. Protection de luxe pour votre s\u00e9jour \u00e0 Las Villas Ibiza. Confiance et discr\u00e9tion garanties. Contactez-nous \u00e0 l&#039;adresse suivante\" \/>\n<meta name=\"robots\" content=\"noindex, follow, max-snippet:-1, max-image-preview:large, max-video-preview:-1\" \/>\n<meta property=\"og:locale\" content=\"fr_FR\" \/>\n<meta property=\"og:type\" content=\"article\" \/>\n<meta property=\"og:title\" content=\"Services de s\u00e9curit\u00e9 priv\u00e9e \u00e0 Ibiza\" \/>\n<meta property=\"og:description\" content=\"Services de s\u00e9curit\u00e9 priv\u00e9e \u00e0 Ibiza. Protection de luxe pour votre s\u00e9jour \u00e0 Las Villas Ibiza. Confiance et discr\u00e9tion garanties. Contactez-nous \u00e0 l&#039;adresse suivante\" \/>\n<meta property=\"og:url\" content=\"https:\/\/lasvillasibizarentals.com\/fr\/securite-privee\/\" \/>\n<meta property=\"og:site_name\" content=\"Las Villas de Ibiza\" \/>\n<meta property=\"article:modified_time\" content=\"2025-04-29T16:28:14+00:00\" \/>\n<meta name=\"twitter:card\" content=\"summary_large_image\" \/>\n<script type=\"application\/ld+json\" class=\"yoast-schema-graph\">{\"@context\":\"https:\/\/schema.org\",\"@graph\":[{\"@type\":\"WebPage\",\"@id\":\"https:\/\/lasvillasibizarentals.com\/fr\/securite-privee\/\",\"url\":\"https:\/\/lasvillasibizarentals.com\/fr\/securite-privee\/\",\"name\":\"Services de s\u00e9curit\u00e9 priv\u00e9e \u00e0 Ibiza\",\"isPartOf\":{\"@id\":\"https:\/\/lasvillasibizarentals.com\/fr\/#website\"},\"datePublished\":\"2025-04-11T09:30:36+00:00\",\"dateModified\":\"2025-04-29T16:28:14+00:00\",\"description\":\"Services de s\u00e9curit\u00e9 priv\u00e9e \u00e0 Ibiza. Protection de luxe pour votre s\u00e9jour \u00e0 Las Villas Ibiza. Confiance et discr\u00e9tion garanties. Contactez-nous \u00e0 l'adresse suivante\",\"breadcrumb\":{\"@id\":\"https:\/\/lasvillasibizarentals.com\/fr\/securite-privee\/#breadcrumb\"},\"inLanguage\":\"fr-FR\",\"potentialAction\":[{\"@type\":\"ReadAction\",\"target\":[\"https:\/\/lasvillasibizarentals.com\/fr\/securite-privee\/\"]}]},{\"@type\":\"BreadcrumbList\",\"@id\":\"https:\/\/lasvillasibizarentals.com\/fr\/securite-privee\/#breadcrumb\",\"itemListElement\":[{\"@type\":\"ListItem\",\"position\":1,\"name\":\"Portada\",\"item\":\"https:\/\/lasvillasibizarentals.com\/fr\/\"},{\"@type\":\"ListItem\",\"position\":2,\"name\":\"S\u00e9curit\u00e9 priv\u00e9e\"}]},{\"@type\":\"WebSite\",\"@id\":\"https:\/\/lasvillasibizarentals.com\/fr\/#website\",\"url\":\"https:\/\/lasvillasibizarentals.com\/fr\/\",\"name\":\"Las Villas de Ibiza\",\"description\":\"Alquiler de villas en Ibiza\",\"potentialAction\":[{\"@type\":\"SearchAction\",\"target\":{\"@type\":\"EntryPoint\",\"urlTemplate\":\"https:\/\/lasvillasibizarentals.com\/fr\/?s={search_term_string}\"},\"query-input\":{\"@type\":\"PropertyValueSpecification\",\"valueRequired\":true,\"valueName\":\"search_term_string\"}}],\"inLanguage\":\"fr-FR\"}]}<\/script>\n<!-- \/ Yoast SEO plugin. -->","yoast_head_json":{"title":"Services de s\u00e9curit\u00e9 priv\u00e9e \u00e0 Ibiza","description":"Services de s\u00e9curit\u00e9 priv\u00e9e \u00e0 Ibiza. Protection de luxe pour votre s\u00e9jour \u00e0 Las Villas Ibiza. Confiance et discr\u00e9tion garanties. Contactez-nous \u00e0 l'adresse suivante","robots":{"index":"noindex","follow":"follow","max-snippet":"max-snippet:-1","max-image-preview":"max-image-preview:large","max-video-preview":"max-video-preview:-1"},"og_locale":"fr_FR","og_type":"article","og_title":"Services de s\u00e9curit\u00e9 priv\u00e9e \u00e0 Ibiza","og_description":"Services de s\u00e9curit\u00e9 priv\u00e9e \u00e0 Ibiza. Protection de luxe pour votre s\u00e9jour \u00e0 Las Villas Ibiza. Confiance et discr\u00e9tion garanties. Contactez-nous \u00e0 l'adresse suivante","og_url":"https:\/\/lasvillasibizarentals.com\/fr\/securite-privee\/","og_site_name":"Las Villas de Ibiza","article_modified_time":"2025-04-29T16:28:14+00:00","twitter_card":"summary_large_image","schema":{"@context":"https:\/\/schema.org","@graph":[{"@type":"WebPage","@id":"https:\/\/lasvillasibizarentals.com\/fr\/securite-privee\/","url":"https:\/\/lasvillasibizarentals.com\/fr\/securite-privee\/","name":"Services de s\u00e9curit\u00e9 priv\u00e9e \u00e0 Ibiza","isPartOf":{"@id":"https:\/\/lasvillasibizarentals.com\/fr\/#website"},"datePublished":"2025-04-11T09:30:36+00:00","dateModified":"2025-04-29T16:28:14+00:00","description":"Services de s\u00e9curit\u00e9 priv\u00e9e \u00e0 Ibiza. Protection de luxe pour votre s\u00e9jour \u00e0 Las Villas Ibiza. Confiance et discr\u00e9tion garanties. Contactez-nous \u00e0 l'adresse suivante","breadcrumb":{"@id":"https:\/\/lasvillasibizarentals.com\/fr\/securite-privee\/#breadcrumb"},"inLanguage":"fr-FR","potentialAction":[{"@type":"ReadAction","target":["https:\/\/lasvillasibizarentals.com\/fr\/securite-privee\/"]}]},{"@type":"BreadcrumbList","@id":"https:\/\/lasvillasibizarentals.com\/fr\/securite-privee\/#breadcrumb","itemListElement":[{"@type":"ListItem","position":1,"name":"Portada","item":"https:\/\/lasvillasibizarentals.com\/fr\/"},{"@type":"ListItem","position":2,"name":"S\u00e9curit\u00e9 priv\u00e9e"}]},{"@type":"WebSite","@id":"https:\/\/lasvillasibizarentals.com\/fr\/#website","url":"https:\/\/lasvillasibizarentals.com\/fr\/","name":"Las Villas de Ibiza","description":"Alquiler de villas en Ibiza","potentialAction":[{"@type":"SearchAction","target":{"@type":"EntryPoint","urlTemplate":"https:\/\/lasvillasibizarentals.com\/fr\/?s={search_term_string}"},"query-input":{"@type":"PropertyValueSpecification","valueRequired":true,"valueName":"search_term_string"}}],"inLanguage":"fr-FR"}]}},"_links":{"self":[{"href":"https:\/\/lasvillasibizarentals.com\/fr\/wp-json\/wp\/v2\/pages\/881","targetHints":{"allow":["GET"]}}],"collection":[{"href":"https:\/\/lasvillasibizarentals.com\/fr\/wp-json\/wp\/v2\/pages"}],"about":[{"href":"https:\/\/lasvillasibizarentals.com\/fr\/wp-json\/wp\/v2\/types\/page"}],"author":[{"embeddable":true,"href":"https:\/\/lasvillasibizarentals.com\/fr\/wp-json\/wp\/v2\/users\/2"}],"replies":[{"embeddable":true,"href":"https:\/\/lasvillasibizarentals.com\/fr\/wp-json\/wp\/v2\/comments?post=881"}],"version-history":[{"count":1,"href":"https:\/\/lasvillasibizarentals.com\/fr\/wp-json\/wp\/v2\/pages\/881\/revisions"}],"predecessor-version":[{"id":884,"href":"https:\/\/lasvillasibizarentals.com\/fr\/wp-json\/wp\/v2\/pages\/881\/revisions\/884"}],"wp:attachment":[{"href":"https:\/\/lasvillasibizarentals.com\/fr\/wp-json\/wp\/v2\/media?parent=881"}],"curies":[{"name":"wp","href":"https:\/\/api.w.org\/{rel}","templated":true}]}}