{"id":796,"date":"2025-03-21T16:40:57","date_gmt":"2025-03-21T16:40:57","guid":{"rendered":"https:\/\/lasvillasibizarentals.com\/concierge\/"},"modified":"2026-02-23T18:54:17","modified_gmt":"2026-02-23T18:54:17","slug":"concierge","status":"publish","type":"page","link":"https:\/\/lasvillasibizarentals.com\/fr\/concierge\/","title":{"rendered":"Concierge"},"content":{"rendered":"\t\t<div data-elementor-type=\"wp-page\" data-elementor-id=\"796\" class=\"elementor elementor-796 elementor-156\" data-elementor-post-type=\"page\">\n\t\t\t\t<div class=\"elementor-element elementor-element-d5233db e-flex e-con-boxed e-con e-parent\" data-id=\"d5233db\" data-element_type=\"container\" data-e-type=\"container\" data-settings=\"{&quot;background_background&quot;:&quot;classic&quot;}\">\n\t\t\t\t\t<div class=\"e-con-inner\">\n\t\t<div class=\"elementor-element elementor-element-e3c5395 e-con-full e-flex e-con e-child\" data-id=\"e3c5395\" data-element_type=\"container\" data-e-type=\"container\">\n\t\t\t\t<div class=\"elementor-element elementor-element-7191008 elementor-widget elementor-widget-heading\" data-id=\"7191008\" data-element_type=\"widget\" data-e-type=\"widget\" data-settings=\"{&quot;motion_fx_motion_fx_scrolling&quot;:&quot;yes&quot;,&quot;motion_fx_blur_effect&quot;:&quot;yes&quot;,&quot;motion_fx_blur_direction&quot;:&quot;out-in-out&quot;,&quot;motion_fx_blur_range&quot;:{&quot;unit&quot;:&quot;%&quot;,&quot;size&quot;:&quot;&quot;,&quot;sizes&quot;:{&quot;start&quot;:52,&quot;end&quot;:81}},&quot;motion_fx_blur_level&quot;:{&quot;unit&quot;:&quot;px&quot;,&quot;size&quot;:7,&quot;sizes&quot;:[]},&quot;motion_fx_devices&quot;:[&quot;desktop&quot;,&quot;tablet&quot;,&quot;mobile&quot;]}\" data-widget_type=\"heading.default\">\n\t\t\t\t<div class=\"elementor-widget-container\">\n\t\t\t\t\t<h1 class=\"elementor-heading-title elementor-size-default\">Concierge<\/h1>\t\t\t\t<\/div>\n\t\t\t\t<\/div>\n\t\t\t\t<\/div>\n\t\t\t\t\t<\/div>\n\t\t\t\t<\/div>\n\t\t<div class=\"elementor-element elementor-element-f746db1 e-flex e-con-boxed e-con e-parent\" data-id=\"f746db1\" data-element_type=\"container\" data-e-type=\"container\">\n\t\t\t\t\t<div class=\"e-con-inner\">\n\t\t<div class=\"elementor-element elementor-element-c612f96 e-con-full e-flex e-con e-child\" data-id=\"c612f96\" data-element_type=\"container\" data-e-type=\"container\" data-settings=\"{&quot;background_background&quot;:&quot;classic&quot;}\">\n\t\t\t\t<\/div>\n\t\t<div class=\"elementor-element elementor-element-d069883 e-con-full e-flex e-con e-child\" data-id=\"d069883\" data-element_type=\"container\" data-e-type=\"container\">\n\t\t\t\t<div class=\"elementor-element elementor-element-0d81785 elementor-widget elementor-widget-heading\" data-id=\"0d81785\" data-element_type=\"widget\" data-e-type=\"widget\" data-widget_type=\"heading.default\">\n\t\t\t\t<div class=\"elementor-widget-container\">\n\t\t\t\t\t<h2 class=\"elementor-heading-title elementor-size-default\">Les meilleurs services de conciergerie \u00e0 Ibiza<\/h2>\t\t\t\t<\/div>\n\t\t\t\t<\/div>\n\t\t\t\t<div class=\"elementor-element elementor-element-d06aa61 elementor-widget-divider--view-line elementor-widget elementor-widget-divider\" data-id=\"d06aa61\" data-element_type=\"widget\" data-e-type=\"widget\" data-widget_type=\"divider.default\">\n\t\t\t\t<div class=\"elementor-widget-container\">\n\t\t\t\t\t\t\t<div class=\"elementor-divider\">\n\t\t\t<span class=\"elementor-divider-separator\">\n\t\t\t\t\t\t<\/span>\n\t\t<\/div>\n\t\t\t\t\t\t<\/div>\n\t\t\t\t<\/div>\n\t\t\t\t<div class=\"elementor-element elementor-element-ad1f78a elementor-widget elementor-widget-text-editor\" data-id=\"ad1f78a\" data-element_type=\"widget\" data-e-type=\"widget\" data-widget_type=\"text-editor.default\">\n\t\t\t\t<div class=\"elementor-widget-container\">\n\t\t\t\t\t\t\t\t\t<p>Dans notre prestigieuse agence immobili\u00e8re de luxe \u00e0 Ibiza, nous comprenons que la v\u00e9ritable essence d&rsquo;un s\u00e9jour inoubliable va au-del\u00e0 d&rsquo;une propri\u00e9t\u00e9 exclusive. C&rsquo;est pourquoi nous proposons une gamme de services de conciergerie con\u00e7us pour r\u00e9pondre \u00e0 vos moindres d\u00e9sirs et besoins, afin que votre exp\u00e9rience sur l&rsquo;\u00eele soit vraiment exceptionnelle. <\/p><ul><li><strong>Location de voiture :<\/strong> D\u00e9couvrez Ibiza dans le confort et le style que vous m\u00e9ritez. Nous proposons une flotte s\u00e9lectionn\u00e9e de v\u00e9hicules haut de gamme, allant des \u00e9l\u00e9gantes voitures de sport aux SUV de luxe. Notre \u00e9quipe vous fournira la voiture id\u00e9ale pour explorer l&rsquo;\u00eele en toute libert\u00e9 et dans le plus grand confort.  <\/li><li><strong>Location de yacht :<\/strong> sentez la brise m\u00e9diterran\u00e9enne en naviguant sur un yacht priv\u00e9 dans les eaux cristallines d&rsquo;Ibiza. Que ce soit pour un apr\u00e8s-midi de navigation relaxante, une excursion \u00e0 Formentera ou une f\u00eate exclusive \u00e0 bord, nos yachts de luxe et nos \u00e9quipages exp\u00e9riment\u00e9s sont \u00e0 votre disposition pour vous faire vivre une exp\u00e9rience maritime inoubliable. <\/li><li><strong>Chef priv\u00e9 :<\/strong> laissez-nous porter votre exp\u00e9rience culinaire \u00e0 un niveau sup\u00e9rieur gr\u00e2ce \u00e0 un chef priv\u00e9 qui pr\u00e9parera de d\u00e9licieux repas adapt\u00e9s \u00e0 vos go\u00fbts et \u00e0 vos pr\u00e9f\u00e9rences. Profitez de d\u00eeners gastronomiques exquis, de petits d\u00e9jeuners personnalis\u00e9s et de banquets \u00e0 th\u00e8me, le tout dans le confort de votre villa. Notre \u00e9quipe veillera \u00e0 ce que chaque repas soit une f\u00eate pour vos sens.  <\/li><li><strong>S\u00e9curit\u00e9 priv\u00e9e :<\/strong> Votre tranquillit\u00e9 d&rsquo;esprit est notre priorit\u00e9. Nous proposons des services de conciergerie \u00e0 Ibiza visant \u00e0 assurer une s\u00e9curit\u00e9 priv\u00e9e personnalis\u00e9e afin de garantir votre s\u00e9curit\u00e9 et votre intimit\u00e9 pendant votre s\u00e9jour. Nous disposons d&rsquo;une \u00e9quipe de professionnels hautement qualifi\u00e9s qui vous fourniront un environnement s\u00fbr et s\u00e9curis\u00e9, vous permettant de profiter d&rsquo;Ibiza en toute tranquillit\u00e9.  <\/li><\/ul><p> <\/p><p>Pour plus d&rsquo;informations sur nos services de conciergerie \u00e0 Ibiza et sur la mani\u00e8re dont nous pouvons faire de votre s\u00e9jour une exp\u00e9rience unique, n&rsquo;h\u00e9sitez pas \u00e0 nous contacter. Nous sommes l\u00e0 pour faire de vos r\u00eaves une r\u00e9alit\u00e9. <\/p>\t\t\t\t\t\t\t\t<\/div>\n\t\t\t\t<\/div>\n\t\t\t\t<\/div>\n\t\t\t\t\t<\/div>\n\t\t\t\t<\/div>\n\t\t<div class=\"elementor-element elementor-element-a474970 e-flex e-con-boxed e-con e-parent\" data-id=\"a474970\" data-element_type=\"container\" data-e-type=\"container\">\n\t\t\t\t\t<div class=\"e-con-inner\">\n\t\t\t\t<div class=\"elementor-element elementor-element-2dbcced elementor-widget elementor-widget-heading\" data-id=\"2dbcced\" data-element_type=\"widget\" data-e-type=\"widget\" data-widget_type=\"heading.default\">\n\t\t\t\t<div class=\"elementor-widget-container\">\n\t\t\t\t\t<h2 class=\"elementor-heading-title elementor-size-default\">Contactez nous<\/h2>\t\t\t\t<\/div>\n\t\t\t\t<\/div>\n\t\t\t\t\t<\/div>\n\t\t\t\t<\/div>\n\t\t<div class=\"elementor-element elementor-element-90d64ac e-flex e-con-boxed e-con e-parent\" data-id=\"90d64ac\" data-element_type=\"container\" data-e-type=\"container\">\n\t\t\t\t\t<div class=\"e-con-inner\">\n\t\t\t\t<div class=\"elementor-element elementor-element-2102abf elementor-button-align-stretch elementor-widget elementor-widget-form\" data-id=\"2102abf\" data-element_type=\"widget\" data-e-type=\"widget\" data-settings=\"{&quot;step_next_label&quot;:&quot;Suivant&quot;,&quot;step_previous_label&quot;:&quot;Pr\\u00e9c\\u00e9dent&quot;,&quot;button_width&quot;:&quot;100&quot;,&quot;step_type&quot;:&quot;number_text&quot;,&quot;step_icon_shape&quot;:&quot;circle&quot;}\" data-widget_type=\"form.default\">\n\t\t\t\t<div class=\"elementor-widget-container\">\n\t\t\t\t\t\t\t<form class=\"elementor-form\" method=\"post\" name=\"Nouveau formulaire\" aria-label=\"Nouveau formulaire\">\n\t\t\t<input type=\"hidden\" name=\"post_id\" value=\"796\"\/>\n\t\t\t<input type=\"hidden\" name=\"form_id\" value=\"2102abf\"\/>\n\t\t\t<input type=\"hidden\" name=\"referer_title\" value=\"Services de conciergerie \u00e0 Ibiza\" \/>\n\n\t\t\t\t\t\t\t<input type=\"hidden\" name=\"queried_id\" value=\"796\"\/>\n\t\t\t\n\t\t\t<div class=\"elementor-form-fields-wrapper elementor-labels-above\">\n\t\t\t\t\t\t\t\t<div class=\"elementor-field-type-text elementor-field-group elementor-column elementor-field-group-name elementor-col-100\">\n\t\t\t\t\t\t\t\t\t\t\t\t\t<input size=\"1\" type=\"text\" name=\"form_fields[name]\" id=\"form-field-name\" class=\"elementor-field elementor-size-sm  elementor-field-textual\" placeholder=\"Nom\">\n\t\t\t\t\t\t\t\t\t\t\t<\/div>\n\t\t\t\t\t\t\t\t<div class=\"elementor-field-type-email elementor-field-group elementor-column elementor-field-group-email elementor-col-100 elementor-field-required\">\n\t\t\t\t\t\t\t\t\t\t\t\t\t<input size=\"1\" type=\"email\" name=\"form_fields[email]\" id=\"form-field-email\" class=\"elementor-field elementor-size-sm  elementor-field-textual\" placeholder=\"Adresse \u00e9lectronique\" required=\"required\">\n\t\t\t\t\t\t\t\t\t\t\t<\/div>\n\t\t\t\t\t\t\t\t<div class=\"elementor-field-type-tel elementor-field-group elementor-column elementor-field-group-field_ce3fa02 elementor-col-100\">\n\t\t\t\t\t\t\t<input size=\"1\" type=\"tel\" name=\"form_fields[field_ce3fa02]\" id=\"form-field-field_ce3fa02\" class=\"elementor-field elementor-size-sm  elementor-field-textual\" placeholder=\"T\u00e9l\u00e9phone\" pattern=\"[0-9()#&amp;+*-=.]+\" title=\"Seuls les caract\u00e8res de num\u00e9ros de t\u00e9l\u00e9phone (#, -, *, etc.) sont accept\u00e9s.\">\n\n\t\t\t\t\t\t<\/div>\n\t\t\t\t\t\t\t\t<div class=\"elementor-field-type-textarea elementor-field-group elementor-column elementor-field-group-message elementor-col-100\">\n\t\t\t\t\t<textarea class=\"elementor-field-textual elementor-field  elementor-size-sm\" name=\"form_fields[message]\" id=\"form-field-message\" rows=\"4\" placeholder=\"Message\"><\/textarea>\t\t\t\t<\/div>\n\t\t\t\t\t\t\t\t<div class=\"elementor-field-type-acceptance elementor-field-group elementor-column elementor-field-group-field_8f44f7d elementor-col-100\">\n\t\t\t\t\t\t\t<div class=\"elementor-field-subgroup\">\n\t\t\t<span class=\"elementor-field-option\">\n\t\t\t\t<input type=\"checkbox\" name=\"form_fields[field_8f44f7d]\" id=\"form-field-field_8f44f7d\" class=\"elementor-field elementor-size-sm  elementor-acceptance-field\">\n\t\t\t\t<label for=\"form-field-field_8f44f7d\">Je d\u00e9clare avoir lu, compris et accept\u00e9 les mentions l\u00e9gales et la politique de confidentialit\u00e9.<\/label>\t\t\t<\/span>\n\t\t<\/div>\n\t\t\t\t\t\t<\/div>\n\t\t\t\t\t\t\t\t<div class=\"elementor-field-group elementor-column elementor-field-type-submit elementor-col-100 e-form__buttons\">\n\t\t\t\t\t<button class=\"elementor-button elementor-size-sm\" type=\"submit\">\n\t\t\t\t\t\t<span class=\"elementor-button-content-wrapper\">\n\t\t\t\t\t\t\t\t\t\t\t\t\t\t\t\t\t\t\t\t\t\t<span class=\"elementor-button-text\">Envoyer<\/span>\n\t\t\t\t\t\t\t\t\t\t\t\t\t<\/span>\n\t\t\t\t\t<\/button>\n\t\t\t\t<\/div>\n\t\t\t<\/div>\n\t\t<\/form>\n\t\t\t\t\t\t<\/div>\n\t\t\t\t<\/div>\n\t\t\t\t\t<\/div>\n\t\t\t\t<\/div>\n\t\t\t\t<\/div>\n\t\t","protected":false},"excerpt":{"rendered":"<p>Concierge Les meilleurs services de conciergerie \u00e0 Ibiza Dans notre prestigieuse agence immobili\u00e8re de luxe \u00e0 Ibiza, nous comprenons que la v\u00e9ritable essence d&rsquo;un s\u00e9jour inoubliable va au-del\u00e0 d&rsquo;une propri\u00e9t\u00e9 exclusive. C&rsquo;est pourquoi nous proposons une gamme de services de conciergerie con\u00e7us pour r\u00e9pondre \u00e0 vos moindres d\u00e9sirs et besoins, afin que votre exp\u00e9rience sur [&hellip;]<\/p>\n","protected":false},"author":1,"featured_media":0,"parent":0,"menu_order":0,"comment_status":"closed","ping_status":"closed","template":"elementor_header_footer","meta":{"_acf_changed":false,"footnotes":""},"class_list":["post-796","page","type-page","status-publish","hentry"],"acf":[],"yoast_head":"<!-- This site is optimized with the Yoast SEO plugin v27.0 - https:\/\/yoast.com\/product\/yoast-seo-wordpress\/ -->\n<title>Services de conciergerie \u00e0 Ibiza<\/title>\n<meta name=\"description\" content=\"Nous avons des services exclusifs de conciergerie de luxe sur l&#039;\u00eele d&#039;Ibiza. D\u00e9couvrez notre gestion VIP pour la location de voiture, bateau, yacht, chef cuisinier ou s\u00e9curit\u00e9 priv\u00e9e, entrez !\" \/>\n<meta name=\"robots\" content=\"noindex, follow, max-snippet:-1, max-image-preview:large, max-video-preview:-1\" \/>\n<meta property=\"og:locale\" content=\"fr_FR\" \/>\n<meta property=\"og:type\" content=\"article\" \/>\n<meta property=\"og:title\" content=\"Services de conciergerie \u00e0 Ibiza\" \/>\n<meta property=\"og:description\" content=\"Nous avons des services exclusifs de conciergerie de luxe sur l&#039;\u00eele d&#039;Ibiza. D\u00e9couvrez notre gestion VIP pour la location de voiture, bateau, yacht, chef cuisinier ou s\u00e9curit\u00e9 priv\u00e9e, entrez !\" \/>\n<meta property=\"og:url\" content=\"https:\/\/lasvillasibizarentals.com\/fr\/concierge\/\" \/>\n<meta property=\"og:site_name\" content=\"Las Villas de Ibiza\" \/>\n<meta property=\"article:modified_time\" content=\"2026-02-23T18:54:17+00:00\" \/>\n<meta name=\"twitter:card\" content=\"summary_large_image\" \/>\n<meta name=\"twitter:label1\" content=\"Dur\u00e9e de lecture estim\u00e9e\" \/>\n\t<meta name=\"twitter:data1\" content=\"2 minutes\" \/>\n<script type=\"application\/ld+json\" class=\"yoast-schema-graph\">{\"@context\":\"https:\/\/schema.org\",\"@graph\":[{\"@type\":\"WebPage\",\"@id\":\"https:\/\/lasvillasibizarentals.com\/fr\/concierge\/\",\"url\":\"https:\/\/lasvillasibizarentals.com\/fr\/concierge\/\",\"name\":\"Services de conciergerie \u00e0 Ibiza\",\"isPartOf\":{\"@id\":\"https:\/\/lasvillasibizarentals.com\/fr\/#website\"},\"datePublished\":\"2025-03-21T16:40:57+00:00\",\"dateModified\":\"2026-02-23T18:54:17+00:00\",\"description\":\"Nous avons des services exclusifs de conciergerie de luxe sur l'\u00eele d'Ibiza. D\u00e9couvrez notre gestion VIP pour la location de voiture, bateau, yacht, chef cuisinier ou s\u00e9curit\u00e9 priv\u00e9e, entrez !\",\"breadcrumb\":{\"@id\":\"https:\/\/lasvillasibizarentals.com\/fr\/concierge\/#breadcrumb\"},\"inLanguage\":\"fr-FR\",\"potentialAction\":[{\"@type\":\"ReadAction\",\"target\":[\"https:\/\/lasvillasibizarentals.com\/fr\/concierge\/\"]}]},{\"@type\":\"BreadcrumbList\",\"@id\":\"https:\/\/lasvillasibizarentals.com\/fr\/concierge\/#breadcrumb\",\"itemListElement\":[{\"@type\":\"ListItem\",\"position\":1,\"name\":\"Portada\",\"item\":\"https:\/\/lasvillasibizarentals.com\/fr\/\"},{\"@type\":\"ListItem\",\"position\":2,\"name\":\"Concierge\"}]},{\"@type\":\"WebSite\",\"@id\":\"https:\/\/lasvillasibizarentals.com\/fr\/#website\",\"url\":\"https:\/\/lasvillasibizarentals.com\/fr\/\",\"name\":\"Las Villas de Ibiza\",\"description\":\"Alquiler de villas en Ibiza\",\"potentialAction\":[{\"@type\":\"SearchAction\",\"target\":{\"@type\":\"EntryPoint\",\"urlTemplate\":\"https:\/\/lasvillasibizarentals.com\/fr\/?s={search_term_string}\"},\"query-input\":{\"@type\":\"PropertyValueSpecification\",\"valueRequired\":true,\"valueName\":\"search_term_string\"}}],\"inLanguage\":\"fr-FR\"}]}<\/script>\n<!-- \/ Yoast SEO plugin. -->","yoast_head_json":{"title":"Services de conciergerie \u00e0 Ibiza","description":"Nous avons des services exclusifs de conciergerie de luxe sur l'\u00eele d'Ibiza. D\u00e9couvrez notre gestion VIP pour la location de voiture, bateau, yacht, chef cuisinier ou s\u00e9curit\u00e9 priv\u00e9e, entrez !","robots":{"index":"noindex","follow":"follow","max-snippet":"max-snippet:-1","max-image-preview":"max-image-preview:large","max-video-preview":"max-video-preview:-1"},"og_locale":"fr_FR","og_type":"article","og_title":"Services de conciergerie \u00e0 Ibiza","og_description":"Nous avons des services exclusifs de conciergerie de luxe sur l'\u00eele d'Ibiza. D\u00e9couvrez notre gestion VIP pour la location de voiture, bateau, yacht, chef cuisinier ou s\u00e9curit\u00e9 priv\u00e9e, entrez !","og_url":"https:\/\/lasvillasibizarentals.com\/fr\/concierge\/","og_site_name":"Las Villas de Ibiza","article_modified_time":"2026-02-23T18:54:17+00:00","twitter_card":"summary_large_image","twitter_misc":{"Dur\u00e9e de lecture estim\u00e9e":"2 minutes"},"schema":{"@context":"https:\/\/schema.org","@graph":[{"@type":"WebPage","@id":"https:\/\/lasvillasibizarentals.com\/fr\/concierge\/","url":"https:\/\/lasvillasibizarentals.com\/fr\/concierge\/","name":"Services de conciergerie \u00e0 Ibiza","isPartOf":{"@id":"https:\/\/lasvillasibizarentals.com\/fr\/#website"},"datePublished":"2025-03-21T16:40:57+00:00","dateModified":"2026-02-23T18:54:17+00:00","description":"Nous avons des services exclusifs de conciergerie de luxe sur l'\u00eele d'Ibiza. D\u00e9couvrez notre gestion VIP pour la location de voiture, bateau, yacht, chef cuisinier ou s\u00e9curit\u00e9 priv\u00e9e, entrez !","breadcrumb":{"@id":"https:\/\/lasvillasibizarentals.com\/fr\/concierge\/#breadcrumb"},"inLanguage":"fr-FR","potentialAction":[{"@type":"ReadAction","target":["https:\/\/lasvillasibizarentals.com\/fr\/concierge\/"]}]},{"@type":"BreadcrumbList","@id":"https:\/\/lasvillasibizarentals.com\/fr\/concierge\/#breadcrumb","itemListElement":[{"@type":"ListItem","position":1,"name":"Portada","item":"https:\/\/lasvillasibizarentals.com\/fr\/"},{"@type":"ListItem","position":2,"name":"Concierge"}]},{"@type":"WebSite","@id":"https:\/\/lasvillasibizarentals.com\/fr\/#website","url":"https:\/\/lasvillasibizarentals.com\/fr\/","name":"Las Villas de Ibiza","description":"Alquiler de villas en Ibiza","potentialAction":[{"@type":"SearchAction","target":{"@type":"EntryPoint","urlTemplate":"https:\/\/lasvillasibizarentals.com\/fr\/?s={search_term_string}"},"query-input":{"@type":"PropertyValueSpecification","valueRequired":true,"valueName":"search_term_string"}}],"inLanguage":"fr-FR"}]}},"_links":{"self":[{"href":"https:\/\/lasvillasibizarentals.com\/fr\/wp-json\/wp\/v2\/pages\/796","targetHints":{"allow":["GET"]}}],"collection":[{"href":"https:\/\/lasvillasibizarentals.com\/fr\/wp-json\/wp\/v2\/pages"}],"about":[{"href":"https:\/\/lasvillasibizarentals.com\/fr\/wp-json\/wp\/v2\/types\/page"}],"author":[{"embeddable":true,"href":"https:\/\/lasvillasibizarentals.com\/fr\/wp-json\/wp\/v2\/users\/1"}],"replies":[{"embeddable":true,"href":"https:\/\/lasvillasibizarentals.com\/fr\/wp-json\/wp\/v2\/comments?post=796"}],"version-history":[{"count":9,"href":"https:\/\/lasvillasibizarentals.com\/fr\/wp-json\/wp\/v2\/pages\/796\/revisions"}],"predecessor-version":[{"id":64196,"href":"https:\/\/lasvillasibizarentals.com\/fr\/wp-json\/wp\/v2\/pages\/796\/revisions\/64196"}],"wp:attachment":[{"href":"https:\/\/lasvillasibizarentals.com\/fr\/wp-json\/wp\/v2\/media?parent=796"}],"curies":[{"name":"wp","href":"https:\/\/api.w.org\/{rel}","templated":true}]}}