{"id":784,"date":"2025-04-11T09:20:03","date_gmt":"2025-04-11T09:20:03","guid":{"rendered":"https:\/\/lasvillasibizarentals.com\/?page_id=784"},"modified":"2026-01-20T11:53:46","modified_gmt":"2026-01-20T11:53:46","slug":"louer-une-voiture","status":"publish","type":"page","link":"https:\/\/lasvillasibizarentals.com\/fr\/louer-une-voiture\/","title":{"rendered":"Louer une voiture"},"content":{"rendered":"\t\t<div data-elementor-type=\"wp-page\" data-elementor-id=\"784\" class=\"elementor elementor-784 elementor-326\" data-elementor-post-type=\"page\">\n\t\t\t\t<div class=\"elementor-element elementor-element-fd4bbce e-con-full e-flex e-con e-parent\" data-id=\"fd4bbce\" data-element_type=\"container\" data-e-type=\"container\">\n\t\t\t\t<div class=\"elementor-element elementor-element-0b86306 elementor-widget elementor-widget-shortcode\" data-id=\"0b86306\" data-element_type=\"widget\" data-e-type=\"widget\" data-widget_type=\"shortcode.default\">\n\t\t\t\t<div class=\"elementor-widget-container\">\n\t\t\t\t\t\t\t<div class=\"elementor-shortcode\"><div class=\"car-page\">\n    <div class=\"row mb-5\">\n        <div class=\"col-md-9\">\n            <h1>Voitures de luxe \u00e0 louer<\/h1>\n        <\/div>\n        <!-- A\u00f1adir el bot\u00f3n aqu\u00ed -->\n        <div class=\"col-md-3 pointer d-flex justify-content-end\" id=\"contact-button\" style=\"gap: 15px;\">\n            <button id=\"solicitar-btn\" class=\"btn btn-primary\">Contact avec l\u2019agent<\/button>\n            <button id=\"compartir-btn\" class=\"btn btn-secondary ml-2\" style=\"display: none;\" title=\"Compartir\">\n                <svg xmlns=\"http:\/\/www.w3.org\/2000\/svg\" width=\"30\" height=\"30\" viewBox=\"0 0 24 24\"><rect width=\"24\" height=\"24\" fill=\"none\"\/><path fill=\"currentColor\" d=\"M16.61 21q-.994 0-1.687-.695q-.692-.696-.692-1.69q0-.15.132-.757l-7.197-4.273q-.324.374-.793.587t-1.007.213q-.986 0-1.676-.702T3 12t.69-1.683t1.676-.702q.537 0 1.007.213t.793.588l7.198-4.255q-.07-.194-.101-.385q-.032-.192-.032-.392q0-.993.697-1.689Q15.625 3 16.62 3t1.688.697T19 5.389t-.695 1.688t-1.69.692q-.542 0-1-.222t-.78-.597l-7.199 4.273q.07.194.101.386q.032.191.032.391t-.032.391t-.1.386l7.198 4.273q.323-.375.78-.597q.458-.222 1-.222q.994 0 1.69.696q.695.698.695 1.693t-.697 1.688t-1.692.692m.004-1q.589 0 .987-.398t.398-.986t-.398-.987t-.986-.398t-.987.398t-.398.986t.398.987t.987.398m-11.25-6.616q.596 0 1-.398q.403-.398.403-.986t-.403-.986t-1-.398q-.581 0-.973.398T4 12t.393.987t.973.397m11.25-6.615q.588 0 .986-.398T18 5.384t-.398-.986T16.616 4t-.987.398t-.398.987t.398.986t.987.398m0-1.385\"\/><\/svg>\n            <\/button>\n        <\/div>\n    <\/div>\n    <div class=\"cars-list\" id=\"cars-list\">\n                        <div class=\"car-item \" data-id=\"59989\">\n                    <div class=\"car-image-wrapper\">\n                                                    <img fetchpriority=\"high\" decoding=\"async\" width=\"800\" height=\"452\" src=\"https:\/\/lasvillasibizarentals.com\/wp-content\/uploads\/2025\/12\/914c9a18-7574-4158-9fb2-e610cd0ffcb2-1024x578.jpg\" class=\"attachment-large size-large wp-post-image\" alt=\"\" srcset=\"https:\/\/lasvillasibizarentals.com\/wp-content\/uploads\/2025\/12\/914c9a18-7574-4158-9fb2-e610cd0ffcb2-1024x578.jpg 1024w, https:\/\/lasvillasibizarentals.com\/wp-content\/uploads\/2025\/12\/914c9a18-7574-4158-9fb2-e610cd0ffcb2-300x169.jpg 300w, https:\/\/lasvillasibizarentals.com\/wp-content\/uploads\/2025\/12\/914c9a18-7574-4158-9fb2-e610cd0ffcb2-768x434.jpg 768w, https:\/\/lasvillasibizarentals.com\/wp-content\/uploads\/2025\/12\/914c9a18-7574-4158-9fb2-e610cd0ffcb2.jpg 1360w\" sizes=\"(max-width: 800px) 100vw, 800px\" \/>                                                <label class=\"select-car-label\">\n                            <input type=\"checkbox\" class=\"select-car\" >\n                        <\/label>\n                    <\/div>\n                    <a href=\"https:\/\/lasvillasibizarentals.com\/fr\/coche\/ferrari-2\/\">\n                        <div class=\"car-info\">\n                            <h3 class=\"car-title\">Ferrari<\/h3>\n                            <div class=\"car-details\">\n                                <!-- Icono con pasajeros (adaptar SVG o icono si es necesario) -->\n                                <span>\n                                    <!-- Ejemplo de icono SVG para pasajeros -->\n                                    <svg xmlns=\"http:\/\/www.w3.org\/2000\/svg\" width=\"16\" height=\"16\" viewBox=\"0 0 24 24\" fill=\"none\" stroke=\"currentColor\" stroke-width=\"2\" stroke-linecap=\"round\" stroke-linejoin=\"round\"><path d=\"M16 21v-2a4 4 0 0 0-4-4H5a4 4 0 0 0-4 4v2\"><\/path><circle cx=\"8.5\" cy=\"7\" r=\"4\"><\/circle><polyline points=\"17 11 19 13 23 9\"><\/polyline><\/svg>\n                                    2 Passagers                                <\/span>\n                                <!-- Icono con metros (adaptar SVG o icono si es necesario) -->\n                            <\/div>\n                            <div class=\"car-price\">\n                                <span class=\"price-title\">\u00c0 PARTIR DE<\/span><br>\n                                <span class=\"price-value\">5.000 \u20ac<\/span>\n                            <\/div>\n                            <div class=\"car-link\">INFORMATION<\/div>\n                        <\/div>\n                    <\/a>\n                <\/div>\n                            <div class=\"car-item \" data-id=\"59987\">\n                    <div class=\"car-image-wrapper\">\n                                                    <img decoding=\"async\" width=\"800\" height=\"450\" src=\"https:\/\/lasvillasibizarentals.com\/wp-content\/uploads\/2025\/12\/a6573566-2a38-4847-8a41-4aaa4e24fc46-1024x576.jpg\" class=\"attachment-large size-large wp-post-image\" alt=\"\" srcset=\"https:\/\/lasvillasibizarentals.com\/wp-content\/uploads\/2025\/12\/a6573566-2a38-4847-8a41-4aaa4e24fc46-1024x576.jpg 1024w, https:\/\/lasvillasibizarentals.com\/wp-content\/uploads\/2025\/12\/a6573566-2a38-4847-8a41-4aaa4e24fc46-300x169.jpg 300w, https:\/\/lasvillasibizarentals.com\/wp-content\/uploads\/2025\/12\/a6573566-2a38-4847-8a41-4aaa4e24fc46-768x432.jpg 768w, https:\/\/lasvillasibizarentals.com\/wp-content\/uploads\/2025\/12\/a6573566-2a38-4847-8a41-4aaa4e24fc46.jpg 1280w\" sizes=\"(max-width: 800px) 100vw, 800px\" \/>                                                <label class=\"select-car-label\">\n                            <input type=\"checkbox\" class=\"select-car\" >\n                        <\/label>\n                    <\/div>\n                    <a href=\"https:\/\/lasvillasibizarentals.com\/fr\/coche\/ferrari-3\/\">\n                        <div class=\"car-info\">\n                            <h3 class=\"car-title\">Ferrari<\/h3>\n                            <div class=\"car-details\">\n                                <!-- Icono con pasajeros (adaptar SVG o icono si es necesario) -->\n                                <span>\n                                    <!-- Ejemplo de icono SVG para pasajeros -->\n                                    <svg xmlns=\"http:\/\/www.w3.org\/2000\/svg\" width=\"16\" height=\"16\" viewBox=\"0 0 24 24\" fill=\"none\" stroke=\"currentColor\" stroke-width=\"2\" stroke-linecap=\"round\" stroke-linejoin=\"round\"><path d=\"M16 21v-2a4 4 0 0 0-4-4H5a4 4 0 0 0-4 4v2\"><\/path><circle cx=\"8.5\" cy=\"7\" r=\"4\"><\/circle><polyline points=\"17 11 19 13 23 9\"><\/polyline><\/svg>\n                                    2 Passagers                                <\/span>\n                                <!-- Icono con metros (adaptar SVG o icono si es necesario) -->\n                            <\/div>\n                            <div class=\"car-price\">\n                                <span class=\"price-title\">\u00c0 PARTIR DE<\/span><br>\n                                <span class=\"price-value\">5.000 \u20ac<\/span>\n                            <\/div>\n                            <div class=\"car-link\">INFORMATION<\/div>\n                        <\/div>\n                    <\/a>\n                <\/div>\n                            <div class=\"car-item \" data-id=\"59985\">\n                    <div class=\"car-image-wrapper\">\n                                                    <img decoding=\"async\" width=\"800\" height=\"450\" src=\"https:\/\/lasvillasibizarentals.com\/wp-content\/uploads\/2025\/12\/aad51f3e-77ef-4846-90b1-b63c022f802c-1024x576.jpg\" class=\"attachment-large size-large wp-post-image\" alt=\"\" srcset=\"https:\/\/lasvillasibizarentals.com\/wp-content\/uploads\/2025\/12\/aad51f3e-77ef-4846-90b1-b63c022f802c-1024x576.jpg 1024w, https:\/\/lasvillasibizarentals.com\/wp-content\/uploads\/2025\/12\/aad51f3e-77ef-4846-90b1-b63c022f802c-300x169.jpg 300w, https:\/\/lasvillasibizarentals.com\/wp-content\/uploads\/2025\/12\/aad51f3e-77ef-4846-90b1-b63c022f802c-768x432.jpg 768w, https:\/\/lasvillasibizarentals.com\/wp-content\/uploads\/2025\/12\/aad51f3e-77ef-4846-90b1-b63c022f802c.jpg 1280w\" sizes=\"(max-width: 800px) 100vw, 800px\" \/>                                                <label class=\"select-car-label\">\n                            <input type=\"checkbox\" class=\"select-car\" >\n                        <\/label>\n                    <\/div>\n                    <a href=\"https:\/\/lasvillasibizarentals.com\/fr\/coche\/ferrari-4\/\">\n                        <div class=\"car-info\">\n                            <h3 class=\"car-title\">Ferrari<\/h3>\n                            <div class=\"car-details\">\n                                <!-- Icono con pasajeros (adaptar SVG o icono si es necesario) -->\n                                <span>\n                                    <!-- Ejemplo de icono SVG para pasajeros -->\n                                    <svg xmlns=\"http:\/\/www.w3.org\/2000\/svg\" width=\"16\" height=\"16\" viewBox=\"0 0 24 24\" fill=\"none\" stroke=\"currentColor\" stroke-width=\"2\" stroke-linecap=\"round\" stroke-linejoin=\"round\"><path d=\"M16 21v-2a4 4 0 0 0-4-4H5a4 4 0 0 0-4 4v2\"><\/path><circle cx=\"8.5\" cy=\"7\" r=\"4\"><\/circle><polyline points=\"17 11 19 13 23 9\"><\/polyline><\/svg>\n                                    2 Passagers                                <\/span>\n                                <!-- Icono con metros (adaptar SVG o icono si es necesario) -->\n                            <\/div>\n                            <div class=\"car-price\">\n                                <span class=\"price-title\">\u00c0 PARTIR DE<\/span><br>\n                                <span class=\"price-value\">5.000 \u20ac<\/span>\n                            <\/div>\n                            <div class=\"car-link\">INFORMATION<\/div>\n                        <\/div>\n                    <\/a>\n                <\/div>\n                            <div class=\"car-item \" data-id=\"59933\">\n                    <div class=\"car-image-wrapper\">\n                                                    <img loading=\"lazy\" decoding=\"async\" width=\"687\" height=\"1024\" src=\"https:\/\/lasvillasibizarentals.com\/wp-content\/uploads\/2025\/12\/image-1-687x1024.jpg\" class=\"attachment-large size-large wp-post-image\" alt=\"\" srcset=\"https:\/\/lasvillasibizarentals.com\/wp-content\/uploads\/2025\/12\/image-1-687x1024.jpg 687w, https:\/\/lasvillasibizarentals.com\/wp-content\/uploads\/2025\/12\/image-1-201x300.jpg 201w, https:\/\/lasvillasibizarentals.com\/wp-content\/uploads\/2025\/12\/image-1-768x1144.jpg 768w, https:\/\/lasvillasibizarentals.com\/wp-content\/uploads\/2025\/12\/image-1.jpg 784w\" sizes=\"(max-width: 687px) 100vw, 687px\" \/>                                                <label class=\"select-car-label\">\n                            <input type=\"checkbox\" class=\"select-car\" >\n                        <\/label>\n                    <\/div>\n                    <a href=\"https:\/\/lasvillasibizarentals.com\/fr\/coche\/ferrari\/\">\n                        <div class=\"car-info\">\n                            <h3 class=\"car-title\">Ferrari<\/h3>\n                            <div class=\"car-details\">\n                                <!-- Icono con pasajeros (adaptar SVG o icono si es necesario) -->\n                                <span>\n                                    <!-- Ejemplo de icono SVG para pasajeros -->\n                                    <svg xmlns=\"http:\/\/www.w3.org\/2000\/svg\" width=\"16\" height=\"16\" viewBox=\"0 0 24 24\" fill=\"none\" stroke=\"currentColor\" stroke-width=\"2\" stroke-linecap=\"round\" stroke-linejoin=\"round\"><path d=\"M16 21v-2a4 4 0 0 0-4-4H5a4 4 0 0 0-4 4v2\"><\/path><circle cx=\"8.5\" cy=\"7\" r=\"4\"><\/circle><polyline points=\"17 11 19 13 23 9\"><\/polyline><\/svg>\n                                    2 Passagers                                <\/span>\n                                <!-- Icono con metros (adaptar SVG o icono si es necesario) -->\n                            <\/div>\n                            <div class=\"car-price\">\n                                <span class=\"price-title\">\u00c0 PARTIR DE<\/span><br>\n                                <span class=\"price-value\">5.000 \u20ac<\/span>\n                            <\/div>\n                            <div class=\"car-link\">INFORMATION<\/div>\n                        <\/div>\n                    <\/a>\n                <\/div>\n                            <!-- Paginaci\u00f3n -->\n            <\/div>\n<\/div>\n<div id=\"contact-sidebar\" class=\"sidebar\">\n    <div class=\"sidebar-header\">\n        <button id=\"close-sidebar\" class=\"close-btn\">\u00d7<\/button>\n    <\/div>\n    <div class=\"sidebar-content\">\n        <h3>Contacter l&#039;agent<\/h3>\n        <div id=\"selected-cars\"><\/div>\n        <form id=\"contact-form\" method=\"post\" action=\"https:\/\/lasvillasibizarentals.com\/wp-admin\/admin-post.php\">\n            <input type=\"hidden\" name=\"action\" value=\"process_contact_form_barcos\">\n            <input type=\"hidden\" id=\"_wpnonce\" name=\"_wpnonce\" value=\"b523c0f680\" \/><input type=\"hidden\" name=\"_wp_http_referer\" value=\"\/fr\/wp-json\/wp\/v2\/pages\/784\" \/>\n            <label for=\"nombre\">Nom:<\/label>\n            <input type=\"text\" id=\"nombre\" name=\"nombre\" required>\n\n            <label for=\"apellidos\">Noms de famille:<\/label>\n            <input type=\"text\" id=\"apellidos\" name=\"apellidos\" required>\n\n            <label for=\"email\">Email:<\/label>\n            <input type=\"email\" id=\"email\" name=\"email\" required>\n\n            <label for=\"telefono\">T\u00e9l\u00e9phone:<\/label>\n            <input type=\"tel\" id=\"telefono\" name=\"telefono\" required>\n\n            <label for=\"pais\">Pays:<\/label>\n            <input type=\"text\" id=\"pais\" name=\"pais\" required>\n\n            <label for=\"mensaje\">Message:<\/label>\n            <textarea id=\"mensaje\" name=\"mensaje\" required><\/textarea>\n\n            <label for=\"aceptar\">\n                <input type=\"checkbox\" id=\"aceptar\" name=\"aceptar\" required>\n                Je d\u00e9clare avoir lu, compris et accept\u00e9 le                <a href=\"#\">Mentions l\u00e9gales<\/a> et le                <a href=\"#\">politique de confidentialit\u00e9<\/a>\n            <\/label>\n\n            <input type=\"hidden\" id=\"g-recaptcha-response\" name=\"g-recaptcha-response\"> <!-- Campo para el token -->\n            <button type=\"submit\" class=\"btn-primary\">Envoyer maintenant<\/button>\n        <\/form>\n    <\/div>\n<\/div>\n<script>\n    document.getElementById('contact-form').addEventListener('submit', function(event) {\n        event.preventDefault(); \/\/ Prevenir env\u00edo hasta obtener token\n\n        grecaptcha.ready(function() {\n            grecaptcha.execute('6LddPkgsAAAAAIrunI9vlnT0P5mSGcdiR0oMsqvO', {action: 'submit_form'}).then(function(token) {\n                document.getElementById('g-recaptcha-response').value = token;\n                event.target.submit(); \/\/ Enviar el form una vez con token\n            });\n        });\n    });\n<\/script>\n<\/div>\n\t\t\t\t\t\t<\/div>\n\t\t\t\t<\/div>\n\t\t\t\t<\/div>\n\t\t\t\t<\/div>\n\t\t","protected":false},"excerpt":{"rendered":"","protected":false},"author":2,"featured_media":0,"parent":0,"menu_order":0,"comment_status":"closed","ping_status":"closed","template":"elementor_header_footer","meta":{"_acf_changed":false,"footnotes":""},"class_list":["post-784","page","type-page","status-publish","hentry"],"acf":[],"yoast_head":"<!-- This site is optimized with the Yoast SEO plugin v27.0 - https:\/\/yoast.com\/product\/yoast-seo-wordpress\/ -->\n<title>Location de voitures de luxe \u00e0 Ibiza : Las Villas Ibiza<\/title>\n<meta name=\"description\" content=\"Louez votre voiture de luxe \u00e0 Ibiza et explorez les villas avec style. Une exp\u00e9rience haut de gamme et un service exclusif pour des vacances de r\u00eave - r\u00e9servez d\u00e8s maintenant !\" \/>\n<meta name=\"robots\" content=\"noindex, follow, max-snippet:-1, max-image-preview:large, max-video-preview:-1\" \/>\n<meta property=\"og:locale\" content=\"fr_FR\" \/>\n<meta property=\"og:type\" content=\"article\" \/>\n<meta property=\"og:title\" content=\"Location de voitures de luxe \u00e0 Ibiza : Las Villas Ibiza\" \/>\n<meta property=\"og:description\" content=\"Louez votre voiture de luxe \u00e0 Ibiza et explorez les villas avec style. Une exp\u00e9rience haut de gamme et un service exclusif pour des vacances de r\u00eave - r\u00e9servez d\u00e8s maintenant !\" \/>\n<meta property=\"og:url\" content=\"https:\/\/lasvillasibizarentals.com\/fr\/louer-une-voiture\/\" \/>\n<meta property=\"og:site_name\" content=\"Las Villas de Ibiza\" \/>\n<meta property=\"article:modified_time\" content=\"2026-01-20T11:53:46+00:00\" \/>\n<meta name=\"twitter:card\" content=\"summary_large_image\" \/>\n<script type=\"application\/ld+json\" class=\"yoast-schema-graph\">{\"@context\":\"https:\/\/schema.org\",\"@graph\":[{\"@type\":\"WebPage\",\"@id\":\"https:\/\/lasvillasibizarentals.com\/fr\/louer-une-voiture\/\",\"url\":\"https:\/\/lasvillasibizarentals.com\/fr\/louer-une-voiture\/\",\"name\":\"Location de voitures de luxe \u00e0 Ibiza : Las Villas Ibiza\",\"isPartOf\":{\"@id\":\"https:\/\/lasvillasibizarentals.com\/fr\/#website\"},\"datePublished\":\"2025-04-11T09:20:03+00:00\",\"dateModified\":\"2026-01-20T11:53:46+00:00\",\"description\":\"Louez votre voiture de luxe \u00e0 Ibiza et explorez les villas avec style. Une exp\u00e9rience haut de gamme et un service exclusif pour des vacances de r\u00eave - r\u00e9servez d\u00e8s maintenant !\",\"breadcrumb\":{\"@id\":\"https:\/\/lasvillasibizarentals.com\/fr\/louer-une-voiture\/#breadcrumb\"},\"inLanguage\":\"fr-FR\",\"potentialAction\":[{\"@type\":\"ReadAction\",\"target\":[\"https:\/\/lasvillasibizarentals.com\/fr\/louer-une-voiture\/\"]}]},{\"@type\":\"BreadcrumbList\",\"@id\":\"https:\/\/lasvillasibizarentals.com\/fr\/louer-une-voiture\/#breadcrumb\",\"itemListElement\":[{\"@type\":\"ListItem\",\"position\":1,\"name\":\"Portada\",\"item\":\"https:\/\/lasvillasibizarentals.com\/fr\/\"},{\"@type\":\"ListItem\",\"position\":2,\"name\":\"Louer une voiture\"}]},{\"@type\":\"WebSite\",\"@id\":\"https:\/\/lasvillasibizarentals.com\/fr\/#website\",\"url\":\"https:\/\/lasvillasibizarentals.com\/fr\/\",\"name\":\"Las Villas de Ibiza\",\"description\":\"Alquiler de villas en Ibiza\",\"potentialAction\":[{\"@type\":\"SearchAction\",\"target\":{\"@type\":\"EntryPoint\",\"urlTemplate\":\"https:\/\/lasvillasibizarentals.com\/fr\/?s={search_term_string}\"},\"query-input\":{\"@type\":\"PropertyValueSpecification\",\"valueRequired\":true,\"valueName\":\"search_term_string\"}}],\"inLanguage\":\"fr-FR\"}]}<\/script>\n<!-- \/ Yoast SEO plugin. -->","yoast_head_json":{"title":"Location de voitures de luxe \u00e0 Ibiza : Las Villas Ibiza","description":"Louez votre voiture de luxe \u00e0 Ibiza et explorez les villas avec style. Une exp\u00e9rience haut de gamme et un service exclusif pour des vacances de r\u00eave - r\u00e9servez d\u00e8s maintenant !","robots":{"index":"noindex","follow":"follow","max-snippet":"max-snippet:-1","max-image-preview":"max-image-preview:large","max-video-preview":"max-video-preview:-1"},"og_locale":"fr_FR","og_type":"article","og_title":"Location de voitures de luxe \u00e0 Ibiza : Las Villas Ibiza","og_description":"Louez votre voiture de luxe \u00e0 Ibiza et explorez les villas avec style. Une exp\u00e9rience haut de gamme et un service exclusif pour des vacances de r\u00eave - r\u00e9servez d\u00e8s maintenant !","og_url":"https:\/\/lasvillasibizarentals.com\/fr\/louer-une-voiture\/","og_site_name":"Las Villas de Ibiza","article_modified_time":"2026-01-20T11:53:46+00:00","twitter_card":"summary_large_image","schema":{"@context":"https:\/\/schema.org","@graph":[{"@type":"WebPage","@id":"https:\/\/lasvillasibizarentals.com\/fr\/louer-une-voiture\/","url":"https:\/\/lasvillasibizarentals.com\/fr\/louer-une-voiture\/","name":"Location de voitures de luxe \u00e0 Ibiza : Las Villas Ibiza","isPartOf":{"@id":"https:\/\/lasvillasibizarentals.com\/fr\/#website"},"datePublished":"2025-04-11T09:20:03+00:00","dateModified":"2026-01-20T11:53:46+00:00","description":"Louez votre voiture de luxe \u00e0 Ibiza et explorez les villas avec style. Une exp\u00e9rience haut de gamme et un service exclusif pour des vacances de r\u00eave - r\u00e9servez d\u00e8s maintenant !","breadcrumb":{"@id":"https:\/\/lasvillasibizarentals.com\/fr\/louer-une-voiture\/#breadcrumb"},"inLanguage":"fr-FR","potentialAction":[{"@type":"ReadAction","target":["https:\/\/lasvillasibizarentals.com\/fr\/louer-une-voiture\/"]}]},{"@type":"BreadcrumbList","@id":"https:\/\/lasvillasibizarentals.com\/fr\/louer-une-voiture\/#breadcrumb","itemListElement":[{"@type":"ListItem","position":1,"name":"Portada","item":"https:\/\/lasvillasibizarentals.com\/fr\/"},{"@type":"ListItem","position":2,"name":"Louer une voiture"}]},{"@type":"WebSite","@id":"https:\/\/lasvillasibizarentals.com\/fr\/#website","url":"https:\/\/lasvillasibizarentals.com\/fr\/","name":"Las Villas de Ibiza","description":"Alquiler de villas en Ibiza","potentialAction":[{"@type":"SearchAction","target":{"@type":"EntryPoint","urlTemplate":"https:\/\/lasvillasibizarentals.com\/fr\/?s={search_term_string}"},"query-input":{"@type":"PropertyValueSpecification","valueRequired":true,"valueName":"search_term_string"}}],"inLanguage":"fr-FR"}]}},"_links":{"self":[{"href":"https:\/\/lasvillasibizarentals.com\/fr\/wp-json\/wp\/v2\/pages\/784","targetHints":{"allow":["GET"]}}],"collection":[{"href":"https:\/\/lasvillasibizarentals.com\/fr\/wp-json\/wp\/v2\/pages"}],"about":[{"href":"https:\/\/lasvillasibizarentals.com\/fr\/wp-json\/wp\/v2\/types\/page"}],"author":[{"embeddable":true,"href":"https:\/\/lasvillasibizarentals.com\/fr\/wp-json\/wp\/v2\/users\/2"}],"replies":[{"embeddable":true,"href":"https:\/\/lasvillasibizarentals.com\/fr\/wp-json\/wp\/v2\/comments?post=784"}],"version-history":[{"count":9,"href":"https:\/\/lasvillasibizarentals.com\/fr\/wp-json\/wp\/v2\/pages\/784\/revisions"}],"predecessor-version":[{"id":60612,"href":"https:\/\/lasvillasibizarentals.com\/fr\/wp-json\/wp\/v2\/pages\/784\/revisions\/60612"}],"wp:attachment":[{"href":"https:\/\/lasvillasibizarentals.com\/fr\/wp-json\/wp\/v2\/media?parent=784"}],"curies":[{"name":"wp","href":"https:\/\/api.w.org\/{rel}","templated":true}]}}