{"id":64082,"date":"2025-04-07T09:01:30","date_gmt":"2025-04-07T09:01:30","guid":{"rendered":"https:\/\/lasvillasibizarentals.com\/politique-sur-les-cookies\/"},"modified":"2026-02-20T11:03:46","modified_gmt":"2026-02-20T11:03:46","slug":"politique-sur-les-cookies","status":"publish","type":"page","link":"https:\/\/lasvillasibizarentals.com\/fr\/politique-sur-les-cookies\/","title":{"rendered":"Politique sur les cookies"},"content":{"rendered":"\t\t<div data-elementor-type=\"wp-page\" data-elementor-id=\"64082\" class=\"elementor elementor-64082 elementor-278\" data-elementor-post-type=\"page\">\n\t\t\t\t<div class=\"elementor-element elementor-element-1b70024 e-flex e-con-boxed e-con e-parent\" data-id=\"1b70024\" data-element_type=\"container\" data-e-type=\"container\">\n\t\t\t\t\t<div class=\"e-con-inner\">\n\t\t\t\t<div class=\"elementor-element elementor-element-b4b4fba elementor-widget elementor-widget-text-editor\" data-id=\"b4b4fba\" data-element_type=\"widget\" data-e-type=\"widget\" data-widget_type=\"text-editor.default\">\n\t\t\t\t<div class=\"elementor-widget-container\">\n\t\t\t\t\t\t\t\t\t<h2>1. Qu\u2019est-ce que les cookies ?<\/h2><p>Les \u00ab cookies \u00bb sont de petits fichiers logiciels stock\u00e9s sur votre ordinateur via votre navigateur, et ne conservent que les informations relatives \u00e0 vos pr\u00e9f\u00e9rences, \u00e0 l\u2019exception des donn\u00e9es personnelles.<\/p><p> <\/p><h2>2. \u00c0 quoi servent les cookies ?<\/h2><p>Les cookies aident \u00e0 d\u00e9terminer l\u2019utilit\u00e9, l\u2019int\u00e9r\u00eat et le nombre de fois o\u00f9 les sites web sont utilis\u00e9s, permettant une navigation plus rapide et plus efficace, \u00e9vitant ainsi la n\u00e9cessit\u00e9 de saisir les m\u00eames informations \u00e0 plusieurs reprises.<\/p><p> <\/p><h2>3. Quel type de cookies utilisons-nous ?<\/h2><p>Il existe deux groupes de cookies qui peuvent \u00eatre utilis\u00e9s :<\/p><ul><li>Cookies persistants : Ce sont des cookies stock\u00e9s au niveau du navigateur sur vos appareils d\u2019acc\u00e8s (ordinateur, mobile et tablette) et utilis\u00e9s \u00e0 chaque visite de l\u2019un de nos sites web. Ils sont g\u00e9n\u00e9ralement utilis\u00e9s pour cibler la navigation selon les int\u00e9r\u00eats de l\u2019utilisateur, ce qui nous permet de proposer un service plus personnalis\u00e9. <\/li><li>Cookies de session : Ce sont des cookies temporaires qui restent dans le fichier cookie de votre navigateur jusqu\u2019\u00e0 ce que vous quittiez le site web. Les informations obtenues via ces cookies sont utilis\u00e9es pour analyser les tendances de trafic sur le web, ce qui nous permet d\u2019identifier les probl\u00e8mes et d\u2019offrir une meilleure exp\u00e9rience de navigation. <\/li><\/ul><p> <\/p><h2>4. Combien de temps les cookies sont-ils stock\u00e9s sur mon appareil ?<\/h2><p>Deux types de cookies peuvent \u00eatre stock\u00e9s :<\/p><ul><li>Cookies de session : Ils sont automatiquement supprim\u00e9s lorsque vous fermez votre navigateur.<\/li><li>Cookies persistants : Ils restent sur votre ordinateur jusqu\u2019\u00e0 ce qu\u2019ils soient supprim\u00e9s ou expirent. Les cookies persistants peuvent maintenir vos pr\u00e9f\u00e9rences utilisateur pour faciliter et rendre la navigation future plus facile et plus pertinente. <\/li><\/ul><p> <\/p><h2>5. O\u00f9 vos donn\u00e9es sont-elles stock\u00e9es et trait\u00e9es ?<\/h2><p>Nous pouvons transf\u00e9rer et stocker les informations que nous recueillons \u00e0 votre sujet en dehors de votre pays d\u2019origine. Il peut \u00eatre trait\u00e9 par notre \u00e9quipe interne ou par des tiers qui fournissent des services \u00e0 Las Villas Ibiza. Lorsque nous le faisons, nous veillons \u00e0 ce que les informations soient s\u00fbres et correctement prot\u00e9g\u00e9es. Ces mesures sont prises sur la base de d\u00e9cisions d\u2019ad\u00e9quation ou en mettant en place des garanties appropri\u00e9es (par exemple, des clauses contractuelles standard).   <\/p><p> <\/p><h2>6. Comment puis-je modifier mes pr\u00e9f\u00e9rences de cookies ?<\/h2><p>Vous pouvez modifier vos pr\u00e9f\u00e9rences de cookies via vos param\u00e8tres de cookies.<\/p><p> <\/p><h2>7. Type et objectif de cookie :<\/h2><ul><li><h3>7.1. Cookies strictement n\u00e9cessaires<\/h3><p>Ils permettent la navigation sur le site web et l\u2019utilisation de ses applications, ainsi que l\u2019acc\u00e8s aux zones s\u00e9curis\u00e9es du site. Sans ces cookies, les services que vous avez demand\u00e9s ne peuvent pas \u00eatre fournis. <\/p><\/li><li><h3>7.2. Cookies analytiques<\/h3><p>Ils sont utilis\u00e9s anonymement pour cr\u00e9er et analyser des statistiques afin d\u2019am\u00e9liorer le fonctionnement du site web.<\/p><\/li><li><h3>7.3. Cookies de fonctionnalit\u00e9<\/h3><p>Ils enregistrent les pr\u00e9f\u00e9rences de l\u2019utilisateur concernant l\u2019utilisation du site, de sorte qu\u2019il n\u2019est pas n\u00e9cessaire de le configurer \u00e0 chaque visite.<\/p><\/li><li><h3>7.4. Cookies tiers<\/h3><p>Ils mesurent le succ\u00e8s des applications et l\u2019efficacit\u00e9 de la publicit\u00e9 tierce. Ils peuvent \u00e9galement \u00eatre utilis\u00e9s pour personnaliser un widget avec des donn\u00e9es utilisateur. <\/p><\/li><li><h3>7.5. Cookies publicitaires<\/h3><p>Ils ciblent la publicit\u00e9 en fonction des centres d\u2019int\u00e9r\u00eat de chaque utilisateur et limitent \u00e9galement le nombre de fois o\u00f9 la publicit\u00e9 est affich\u00e9e, ce qui aide \u00e0 mesurer l\u2019efficacit\u00e9 de la publicit\u00e9 et le succ\u00e8s du site web.<\/p><\/li><li><h3>7.6. Cookies techniques<\/h3><p>Ce site web n\u2019utilise que des cookies permettant l\u2019exploitation et la fourniture des services propos\u00e9s sur lui et, le cas \u00e9ch\u00e9ant, ses propres cookies dans le seul but de mesurer ses audiences et, par cons\u00e9quent, consid\u00e9r\u00e9 comme exempt\u00e9 de consentement. Par cons\u00e9quent, conform\u00e9ment \u00e0 l\u2019article 22 de la Loi sur les services de la soci\u00e9t\u00e9 de l\u2019information, votre consentement n\u2019est pas requis pour son installation. <\/p><\/li><\/ul><p> <\/p><h2>Liens<\/h2><p><a href=\"https:\/\/allaboutcookies.org\/\" target=\"_blank\" rel=\"noopener\">https:\/\/allaboutcookies.org\/<\/a><\/p>\t\t\t\t\t\t\t\t<\/div>\n\t\t\t\t<\/div>\n\t\t\t\t\t<\/div>\n\t\t\t\t<\/div>\n\t\t\t\t<\/div>\n\t\t","protected":false},"excerpt":{"rendered":"<p>1. Qu\u2019est-ce que les cookies ? Les \u00ab cookies \u00bb sont de petits fichiers logiciels stock\u00e9s sur votre ordinateur via votre navigateur, et ne conservent que les informations relatives \u00e0 vos pr\u00e9f\u00e9rences, \u00e0 l\u2019exception des donn\u00e9es personnelles. 2. \u00c0 quoi servent les cookies ? Les cookies aident \u00e0 d\u00e9terminer l\u2019utilit\u00e9, l\u2019int\u00e9r\u00eat et le nombre de [&hellip;]<\/p>\n","protected":false},"author":2,"featured_media":0,"parent":0,"menu_order":0,"comment_status":"closed","ping_status":"closed","template":"","meta":{"_acf_changed":false,"footnotes":""},"class_list":["post-64082","page","type-page","status-publish","hentry"],"acf":[],"yoast_head":"<!-- This site is optimized with the Yoast SEO plugin v27.0 - https:\/\/yoast.com\/product\/yoast-seo-wordpress\/ -->\n<title>Politique sur les cookies - Las Villas de Ibiza<\/title>\n<meta name=\"robots\" content=\"noindex, follow, max-snippet:-1, max-image-preview:large, max-video-preview:-1\" \/>\n<meta property=\"og:locale\" content=\"fr_FR\" \/>\n<meta property=\"og:type\" content=\"article\" \/>\n<meta property=\"og:title\" content=\"Politique sur les cookies - Las Villas de Ibiza\" \/>\n<meta property=\"og:description\" content=\"1. Qu\u2019est-ce que les cookies ? Les \u00ab cookies \u00bb sont de petits fichiers logiciels stock\u00e9s sur votre ordinateur via votre navigateur, et ne conservent que les informations relatives \u00e0 vos pr\u00e9f\u00e9rences, \u00e0 l\u2019exception des donn\u00e9es personnelles. 2. \u00c0 quoi servent les cookies ? Les cookies aident \u00e0 d\u00e9terminer l\u2019utilit\u00e9, l\u2019int\u00e9r\u00eat et le nombre de [&hellip;]\" \/>\n<meta property=\"og:url\" content=\"https:\/\/lasvillasibizarentals.com\/fr\/politique-sur-les-cookies\/\" \/>\n<meta property=\"og:site_name\" content=\"Las Villas de Ibiza\" \/>\n<meta property=\"article:modified_time\" content=\"2026-02-20T11:03:46+00:00\" \/>\n<meta name=\"twitter:card\" content=\"summary_large_image\" \/>\n<meta name=\"twitter:label1\" content=\"Dur\u00e9e de lecture estim\u00e9e\" \/>\n\t<meta name=\"twitter:data1\" content=\"3 minutes\" \/>\n<script type=\"application\/ld+json\" class=\"yoast-schema-graph\">{\"@context\":\"https:\/\/schema.org\",\"@graph\":[{\"@type\":\"WebPage\",\"@id\":\"https:\/\/lasvillasibizarentals.com\/fr\/politique-sur-les-cookies\/\",\"url\":\"https:\/\/lasvillasibizarentals.com\/fr\/politique-sur-les-cookies\/\",\"name\":\"Politique sur les cookies - Las Villas de Ibiza\",\"isPartOf\":{\"@id\":\"https:\/\/lasvillasibizarentals.com\/fr\/#website\"},\"datePublished\":\"2025-04-07T09:01:30+00:00\",\"dateModified\":\"2026-02-20T11:03:46+00:00\",\"breadcrumb\":{\"@id\":\"https:\/\/lasvillasibizarentals.com\/fr\/politique-sur-les-cookies\/#breadcrumb\"},\"inLanguage\":\"fr-FR\",\"potentialAction\":[{\"@type\":\"ReadAction\",\"target\":[\"https:\/\/lasvillasibizarentals.com\/fr\/politique-sur-les-cookies\/\"]}]},{\"@type\":\"BreadcrumbList\",\"@id\":\"https:\/\/lasvillasibizarentals.com\/fr\/politique-sur-les-cookies\/#breadcrumb\",\"itemListElement\":[{\"@type\":\"ListItem\",\"position\":1,\"name\":\"Portada\",\"item\":\"https:\/\/lasvillasibizarentals.com\/fr\/\"},{\"@type\":\"ListItem\",\"position\":2,\"name\":\"Politique sur les cookies\"}]},{\"@type\":\"WebSite\",\"@id\":\"https:\/\/lasvillasibizarentals.com\/fr\/#website\",\"url\":\"https:\/\/lasvillasibizarentals.com\/fr\/\",\"name\":\"Las Villas de Ibiza\",\"description\":\"Alquiler de villas en Ibiza\",\"potentialAction\":[{\"@type\":\"SearchAction\",\"target\":{\"@type\":\"EntryPoint\",\"urlTemplate\":\"https:\/\/lasvillasibizarentals.com\/fr\/?s={search_term_string}\"},\"query-input\":{\"@type\":\"PropertyValueSpecification\",\"valueRequired\":true,\"valueName\":\"search_term_string\"}}],\"inLanguage\":\"fr-FR\"}]}<\/script>\n<!-- \/ Yoast SEO plugin. -->","yoast_head_json":{"title":"Politique sur les cookies - Las Villas de Ibiza","robots":{"index":"noindex","follow":"follow","max-snippet":"max-snippet:-1","max-image-preview":"max-image-preview:large","max-video-preview":"max-video-preview:-1"},"og_locale":"fr_FR","og_type":"article","og_title":"Politique sur les cookies - Las Villas de Ibiza","og_description":"1. Qu\u2019est-ce que les cookies ? Les \u00ab cookies \u00bb sont de petits fichiers logiciels stock\u00e9s sur votre ordinateur via votre navigateur, et ne conservent que les informations relatives \u00e0 vos pr\u00e9f\u00e9rences, \u00e0 l\u2019exception des donn\u00e9es personnelles. 2. \u00c0 quoi servent les cookies ? Les cookies aident \u00e0 d\u00e9terminer l\u2019utilit\u00e9, l\u2019int\u00e9r\u00eat et le nombre de [&hellip;]","og_url":"https:\/\/lasvillasibizarentals.com\/fr\/politique-sur-les-cookies\/","og_site_name":"Las Villas de Ibiza","article_modified_time":"2026-02-20T11:03:46+00:00","twitter_card":"summary_large_image","twitter_misc":{"Dur\u00e9e de lecture estim\u00e9e":"3 minutes"},"schema":{"@context":"https:\/\/schema.org","@graph":[{"@type":"WebPage","@id":"https:\/\/lasvillasibizarentals.com\/fr\/politique-sur-les-cookies\/","url":"https:\/\/lasvillasibizarentals.com\/fr\/politique-sur-les-cookies\/","name":"Politique sur les cookies - Las Villas de Ibiza","isPartOf":{"@id":"https:\/\/lasvillasibizarentals.com\/fr\/#website"},"datePublished":"2025-04-07T09:01:30+00:00","dateModified":"2026-02-20T11:03:46+00:00","breadcrumb":{"@id":"https:\/\/lasvillasibizarentals.com\/fr\/politique-sur-les-cookies\/#breadcrumb"},"inLanguage":"fr-FR","potentialAction":[{"@type":"ReadAction","target":["https:\/\/lasvillasibizarentals.com\/fr\/politique-sur-les-cookies\/"]}]},{"@type":"BreadcrumbList","@id":"https:\/\/lasvillasibizarentals.com\/fr\/politique-sur-les-cookies\/#breadcrumb","itemListElement":[{"@type":"ListItem","position":1,"name":"Portada","item":"https:\/\/lasvillasibizarentals.com\/fr\/"},{"@type":"ListItem","position":2,"name":"Politique sur les cookies"}]},{"@type":"WebSite","@id":"https:\/\/lasvillasibizarentals.com\/fr\/#website","url":"https:\/\/lasvillasibizarentals.com\/fr\/","name":"Las Villas de Ibiza","description":"Alquiler de villas en Ibiza","potentialAction":[{"@type":"SearchAction","target":{"@type":"EntryPoint","urlTemplate":"https:\/\/lasvillasibizarentals.com\/fr\/?s={search_term_string}"},"query-input":{"@type":"PropertyValueSpecification","valueRequired":true,"valueName":"search_term_string"}}],"inLanguage":"fr-FR"}]}},"_links":{"self":[{"href":"https:\/\/lasvillasibizarentals.com\/fr\/wp-json\/wp\/v2\/pages\/64082","targetHints":{"allow":["GET"]}}],"collection":[{"href":"https:\/\/lasvillasibizarentals.com\/fr\/wp-json\/wp\/v2\/pages"}],"about":[{"href":"https:\/\/lasvillasibizarentals.com\/fr\/wp-json\/wp\/v2\/types\/page"}],"author":[{"embeddable":true,"href":"https:\/\/lasvillasibizarentals.com\/fr\/wp-json\/wp\/v2\/users\/2"}],"replies":[{"embeddable":true,"href":"https:\/\/lasvillasibizarentals.com\/fr\/wp-json\/wp\/v2\/comments?post=64082"}],"version-history":[{"count":1,"href":"https:\/\/lasvillasibizarentals.com\/fr\/wp-json\/wp\/v2\/pages\/64082\/revisions"}],"predecessor-version":[{"id":64083,"href":"https:\/\/lasvillasibizarentals.com\/fr\/wp-json\/wp\/v2\/pages\/64082\/revisions\/64083"}],"wp:attachment":[{"href":"https:\/\/lasvillasibizarentals.com\/fr\/wp-json\/wp\/v2\/media?parent=64082"}],"curies":[{"name":"wp","href":"https:\/\/api.w.org\/{rel}","templated":true}]}}