{"id":64078,"date":"2025-04-07T09:01:06","date_gmt":"2025-04-07T09:01:06","guid":{"rendered":"https:\/\/lasvillasibizarentals.com\/politique-de-confidentialite\/"},"modified":"2026-02-20T11:57:12","modified_gmt":"2026-02-20T11:57:12","slug":"politique-de-confidentialite","status":"publish","type":"page","link":"https:\/\/lasvillasibizarentals.com\/fr\/politique-de-confidentialite\/","title":{"rendered":"Politique de confidentialit\u00e9"},"content":{"rendered":"\t\t<div data-elementor-type=\"wp-page\" data-elementor-id=\"64078\" class=\"elementor elementor-64078 elementor-277\" data-elementor-post-type=\"page\">\n\t\t\t\t<div class=\"elementor-element elementor-element-287e646 e-flex e-con-boxed e-con e-parent\" data-id=\"287e646\" data-element_type=\"container\" data-e-type=\"container\">\n\t\t\t\t\t<div class=\"e-con-inner\">\n\t\t\t\t<div class=\"elementor-element elementor-element-37ac09a elementor-widget elementor-widget-text-editor\" data-id=\"37ac09a\" data-element_type=\"widget\" data-e-type=\"widget\" data-widget_type=\"text-editor.default\">\n\t\t\t\t<div class=\"elementor-widget-container\">\n\t\t\t\t\t\t\t\t\t<div id=\"p11153101313614141490\" class=\"Text Element\"><div class=\"contentContainer Size\"><div id=\"p11153101313614141490_absfill\" class=\"absoluteFill\"><div class=\"elementImgBG BgImg WebP\"> <\/div><div class=\"elementBorder BoxStyle\"><div class=\"elementContainer ContainerStyle\"><div class=\"ViewportRealm break_320 break_481 break_801 break_1121 break_1441\"><p>Politique de confidentialit\u00e9<\/p><\/div><\/div><\/div><\/div><\/div><\/div><div id=\"p10053010015712715\" class=\"Text Element\"><div class=\"SEOElement\"><div class=\"contentContainer Size\"><div id=\"p10053010015712715_absfill\" class=\"absoluteFill\"><div class=\"elementColorBG BgColor\"> <\/div><div class=\"elementImgBG BgImg WebP\"> <\/div><div class=\"elementBorder BoxStyle\"><div class=\"elementContainer ContainerStyle\"><div class=\"ViewportRealm break_320 break_481 break_801 break_1121 break_1441\"><p>Las Villas Ibiza, dont le si\u00e8ge est situ\u00e9 dans la Calle Vicente Cuervo 10 Bajo et NIF\/CIF, est le propri\u00e9taire du domaine www.lasvillasibiza.com, o\u00f9 est h\u00e9berg\u00e9 son site WEB.<\/p><p> <\/p><p>La Las Villas Ibiza S\u2019ENGAGE \u00c0 PROT\u00c9GER LA VIE PRIV\u00c9E ET LES DONN\u00c9ES PERSONNELLES DE SES CLIENTS ET UTILISATEURS DU SITE, ET A DONC D\u00c9VELOPP\u00c9 ET ADOPT\u00c9 CETTE POLITIQUE AINSI QUE LES PRATIQUES D\u00c9CRITES ICI.<\/p><p>CETTE POLITIQUE DE CONFIDENTIALIT\u00c9 EXPLIQUE COMMENT VOS DONN\u00c9ES PERSONNELLES SONT COLLECT\u00c9ES ET TRAIT\u00c9ES, NOUS VOUS RECOMMANDONS DONC DE LA LIRE POUR COMPRENDRE LES CONDITIONS DANS LESQUELLES VOS DONN\u00c9ES PERSONNELLES SONT COLLECT\u00c9ES ET UTILIS\u00c9ES.<\/p><p> <\/p><p>Notre politique de confidentialit\u00e9 est conforme \u00e0 la Loi organique 3\/2018, du 5 d\u00e9cembre, sur la protection des donn\u00e9es personnelles et la garantie des droits num\u00e9riques, ainsi qu\u2019au R\u00e8glement g\u00e9n\u00e9ral sur la protection des donn\u00e9es de l\u2019Union europ\u00e9enne, 2016\/679, du 27 avril (\u00ab RGPD \u00bb). La l\u00e9gislation sur la protection des donn\u00e9es est susceptible de r\u00e9vision, nous vous encourageons donc \u00e0 consulter r\u00e9guli\u00e8rement notre d\u00e9claration de confidentialit\u00e9. <\/p><p> <\/p><h2>1. DE QUOI S\u2019AGIT-IL CETTE POLITIQUE ?<\/h2><p>1.1. Cette politique de confidentialit\u00e9 explique comment nous collectons et traitons les donn\u00e9es personnelles n\u00e9cessaires \u00e0 la prestation des services disponibles via le SITE WEB.<\/p><p>1.2. Des exemples de tels services sont l\u2019abonnement \u00e0 des newsletters ou la possibilit\u00e9 de nous contacter et de nous envoyer votre demande.<\/p><p>1.3. L\u2019objectif est de fournir ces services rapidement et sans encombre, en d\u00e9taillant les pratiques adopt\u00e9es \u00e0 cet effet.<\/p><p> <\/p><h2>2. QU\u2019EST-CE QUE LES DONN\u00c9ES PERSONNELLES ?<\/h2><p>2.1. Les donn\u00e9es personnelles sont toutes les informations relatives \u00e0 une personne qui l\u2019identifient ou la rendent reconnaissable, quelle que soit la nature et le support de l\u2019information, y compris le son et l\u2019image de la personne.<\/p><p>2.2. Des exemples de donn\u00e9es personnelles que nous collectons sont le pr\u00e9nom, le nom de famille, l\u2019adresse e-mail et le num\u00e9ro de t\u00e9l\u00e9phone ou de portable.<\/p><p>2.3. Identifiable d\u00e9signe une personne qui peut \u00eatre identifi\u00e9e, directement ou indirectement, notamment par un num\u00e9ro d\u2019identification ou d\u2019autres \u00e9l\u00e9ments sp\u00e9cifiques de son identit\u00e9 physique, physiologique, mentale, \u00e9conomique, culturelle ou sociale.<\/p><p> <\/p><h2>3. COMMENT ALLONS-NOUS UTILISER VOS DONN\u00c9ES PERSONNELLES ?<\/h2><p>3.1. La Las Villas Ibiza utilisera les donn\u00e9es personnelles que vous nous fournissez pour les objectifs suivants :<\/p><p>(a) Analyser et r\u00e9pondre \u00e0 vos messages, demandes de service client et demandes d\u2019informations.<\/p><p>(b) Analyser et suivre votre candidature d\u2019emploi chez Las Villas Ibiza.<\/p><p>(c) Vous envoyer des bulletins d\u2019information ou d\u2019autres publications que vous avez demand\u00e9s ou qui pourraient vous int\u00e9resser.<\/p><p>(d) Assurer les op\u00e9rations du SITE WEB.<\/p><p>(e) Conservez une trace de vos coordonn\u00e9es.<\/p><p>(f) \u00c0 des fins commerciales, telles que l\u2019analyse de donn\u00e9es et les audits.<\/p><p>(g) Pr\u00e9venir la fraude et garantir la s\u00e9curit\u00e9 des syst\u00e8mes d\u2019information.<\/p><p>(h) Adapter, am\u00e9liorer et modifier les services, notamment en identifiant les tendances d\u2019utilisation ou en d\u00e9terminant l\u2019efficacit\u00e9 des campagnes promotionnelles.<\/p><p>3.2. Ces op\u00e9rations de traitement des donn\u00e9es personnelles sont un outil essentiel pour votre satisfaction et pour l\u2019activit\u00e9 de Las Villas Ibiza, et sont men\u00e9es conform\u00e9ment \u00e0 la l\u00e9gislation et aux bonnes pratiques applicables.<\/p><p>3.3. Vos donn\u00e9es personnelles ne seront utilis\u00e9es \u00e0 d\u2019autres fins que celles qui n\u2019ont pas \u00e9t\u00e9 identifi\u00e9es auparavant ou qui ne sont pas li\u00e9es aux objectifs pour lesquels elles ont \u00e9t\u00e9 initialement collect\u00e9es.<\/p><p> <\/p><h2>4. QUELS SONT LES MOTIFS DU TRAITEMENT DES DONN\u00c9ES PERSONNELLES QUE NOUS COLLECTONS ?<\/h2><p>4.1. Les donn\u00e9es personnelles trait\u00e9es par Las Villas Ibiza ont des motifs sp\u00e9cifiques selon les finalit\u00e9s auxquelles elles sont destin\u00e9es.<\/p><p>4.2. Dans le tableau suivant, vous pouvez voir les fondamentaux selon les objectifs identifi\u00e9s ci-dessus :<\/p><p> <\/p><table border=\"1px solid #DCDCDC\" cellspacing=\"0\" cellpadding=\"5\"><tbody><tr valign=\"top\"><td><p>OBJECTIF<\/p><\/td><td><p>EN PROFONDEUR<\/p><\/td><td><p>DONN\u00c9ES COLLECT\u00c9ES<\/p><\/td><\/tr><tr><td><p>Analyser et r\u00e9pondre \u00e0 vos messages, service client et demandes.<\/p><\/td><td><p>Consentement \u00e0 cet effet.<\/p><\/td><td><p>Nom, t\u00e9l\u00e9phone, email.<\/p><\/td><\/tr><tr><td><p>Ainsi, nous pouvons vous envoyer des newsletters ou d\u2019autres publications que vous avez demand\u00e9es et\/ou qui pourraient vous int\u00e9resser.<\/p><\/td><td><p>Consentement \u00e0 cet objectif pr\u00e9cis.<\/p><\/td><td><p>Email<\/p><\/td><\/tr><tr><td><p>Pour les op\u00e9rations de gestion de sites web.<\/p><\/td><td><p>Consentement \u00e0 cet usage sp\u00e9cifique (cookies) ; Int\u00e9r\u00eats l\u00e9gitimes poursuivis par Las Villas Ibiza.<\/p><\/td><td><p>Cookies, adresse IP<\/p><\/td><\/tr><tr><td><p>Pour des fins commerciales, telles que l\u2019analyse de donn\u00e9es ou les audits.<\/p><\/td><td><p>Consentement \u00e0 cet usage sp\u00e9cifique (cookies) ; Int\u00e9r\u00eats l\u00e9gitimes poursuivis par Las Villas Ibiza.<\/p><\/td><td><p>Cookies, adresse IP<\/p><\/td><\/tr><tr><td><p>Pour la pr\u00e9vention de la fraude et la s\u00e9curit\u00e9 des syst\u00e8mes d\u2019information.<\/p><\/td><td><p>Int\u00e9r\u00eats l\u00e9gitimes poursuivis par Las Villas Ibiza.<\/p><\/td><td><p>Adresse IP<\/p><\/td><\/tr><tr><td><p>Pour l\u2019adaptation, l\u2019am\u00e9lioration et la modification des services, notamment en identifiant les tendances d\u2019utilisation, ou pour d\u00e9terminer l\u2019efficacit\u00e9 des campagnes promotionnelles.<\/p><\/td><td><p>Consentement \u00e0 cet usage sp\u00e9cifique (cookies) ; Int\u00e9r\u00eats l\u00e9gitimes poursuivis par Las Villas Ibiza.<\/p><\/td><td><p>Cookies, adresse IP<\/p><\/td><\/tr><\/tbody><\/table><p><br> <\/p><h2>5. COMMENT COLLECTONS-NOUS VOS DONN\u00c9ES PERSONNELLES ?<\/h2><p>5.1. Nous collecterons vos donn\u00e9es personnelles via les formulaires du SITE WEB, ainsi que via le SITE et la communication qu\u2019il \u00e9tablit avec votre appareil, et les emails que vous nous envoyez.<\/p><p>5.2. Vos donn\u00e9es personnelles sont collect\u00e9es via votre appareil comme suit :<\/p><p>(a) Par votre demande de contact ;<\/p><p>(b) En soumettant une candidature ;<\/p><p>(c) En s\u2019abonnant \u00e0 la newsletter ;<\/p><p>(d) Via votre navigateur ;<\/p><p>(e) Par le biais des cookies ;<\/p><p>(f) Adresse IP.<\/p><p>5.3. Las Villas Ibiza s\u2019engage \u00e0 traiter vos donn\u00e9es conform\u00e9ment \u00e0 la loi et de mani\u00e8re l\u00e9gitime.<\/p><p>5.4. Las Villas Ibiza ne vendra pas, ne louera ni ne partagera vos donn\u00e9es personnelles avec des tiers, sauf dans les cas clairement identifi\u00e9s dans cette Politique de confidentialit\u00e9 (voir le Point 9 pour plus d\u2019informations \u00e0 ce sujet).<\/p><p>5.5. Les services de Las Villas Ibiza ne sont pas destin\u00e9s aux mineurs, et aucune donn\u00e9e personnelle n\u2019est intentionnellement collect\u00e9e aupr\u00e8s de mineurs.<\/p><p> <\/p><h2>6. QU\u2019EST-CE QUE LES COOKIES ?<\/h2><p>6.1. Les cookies sont de petits fichiers d\u2019information qui aident \u00e0 identifier votre navigateur et peuvent stocker des informations telles que les param\u00e8tres et pr\u00e9f\u00e9rences utilisateur.<\/p><p>.2. Las Villas Ibiza stockera des cookies sur votre appareil pour personnaliser et faciliter la navigation autant que possible, ainsi que pour d\u00e9panner, effectuer des statistiques, garantir la qualit\u00e9 et surveiller la s\u00e9curit\u00e9 du syst\u00e8me.<\/p><p>6.3. \u00c0 l\u2019exception des cookies strictement n\u00e9cessaires au fonctionnement du site, le stockage des autres cookies d\u00e9pendra toujours de l\u2019acceptation et du consentement de l\u2019utilisateur, et ce consentement peut \u00eatre retir\u00e9 \u00e0 tout moment via des outils sp\u00e9cifiques du navigateur.<\/p><p>6.4. Pour plus d\u2019informations sur les cookies que nous utilisons, veuillez consulter notre politique sur les cookies.<\/p><p> <\/p><h2>7. COMMENT PROT\u00c9GER-NOUS VOS DONN\u00c9ES PERSONNELLES ?<\/h2><p>7.1. Vos donn\u00e9es personnelles sont prot\u00e9g\u00e9es gr\u00e2ce \u00e0 l\u2019adoption de diverses mesures de s\u00e9curit\u00e9, techniques et organisationnelles, qui garantissent que seuls les employ\u00e9s ayant besoin d\u2019acc\u00e9der aux donn\u00e9es y ont acc\u00e8s, conform\u00e9ment aux r\u00e8gles \u00e9tablies \u00e0 cet effet.<\/p><p>7.2. Pour prot\u00e9ger vos donn\u00e9es personnelles, nous n\u2019utilisons que des fournisseurs de centres de donn\u00e9es qui offrent des mesures de s\u00e9curit\u00e9 ad\u00e9quates et document\u00e9es, y compris la garantie que vos donn\u00e9es personnelles sont stock\u00e9es sur des serveurs maintenus dans des environnements contr\u00f4l\u00e9s avec un acc\u00e8s limit\u00e9.<\/p><p>7.3. Les donn\u00e9es personnelles sont stock\u00e9es sur des serveurs s\u00e9curis\u00e9s avec PORTUGAL TELECOM DATA CENTER, S.A. sous le NIPC 510.030.785 et le si\u00e8ge de Rua Data Center 6200-065 Covilh\u00e3, Portugal, ce qui nous offre les garanties de s\u00e9curit\u00e9 appropri\u00e9es pour prot\u00e9ger les donn\u00e9es personnelles contre leur divulgation, perte, mauvais usage, modification, traitement ou acc\u00e8s non autoris\u00e9, ainsi que contre toute autre forme de traitement ill\u00e9gal.<\/p><p>7.4. De m\u00eame, lorsque vous parcourez le SITE WEB, nous prot\u00e9geons vos donn\u00e9es avec un chiffrement, comme le protocole Hyper Text Transfer Protocol Secure (HTTPS), un protocole internet con\u00e7u pour permettre une communication s\u00e9curis\u00e9e entre appareils et serveurs \u00e0 travers le monde. Le protocole HTTPS est apparu comme une \u00e9volution du protocole pr\u00e9c\u00e9dent, HTTP, et la diff\u00e9rence entre eux est que HTTPS chiffre la communication entre appareils. <\/p><p>7.5. Bien que nous prenions les pr\u00e9cautions appropri\u00e9es pour prot\u00e9ger les donn\u00e9es personnelles que vous fournissez et collectez, vous devez savoir qu\u2019aucun syst\u00e8me de s\u00e9curit\u00e9 n\u2019est totalement infaillible.<\/p><p> <\/p><h2>8. COMMENT POUVEZ-VOUS EXERCER VOS DROITS ?<\/h2><p>8.1. Avant d\u2019expliquer comment vous pouvez exercer vos droits, il est important de conna\u00eetre quels sont. La l\u00e9gislation vous donne le droit de demander l\u2019exercice des droits suivants : <\/p><p>(a) Acc\u00e8s : le droit d\u2019obtenir une confirmation quant au traitement ou non des donn\u00e9es personnelles vous concernant et, le cas \u00e9ch\u00e9ant, le droit d\u2019acc\u00e9der \u00e0 vos donn\u00e9es personnelles ;<\/p><p>(b) Rectification : le droit d\u2019obtenir la rectification de donn\u00e9es personnelles inexactes \u00e0 votre sujet et de faire compl\u00e9ter les donn\u00e9es personnelles incompl\u00e8tes ;<\/p><p>(c) Effacement : le droit d\u2019obtenir l\u2019effacement de vos donn\u00e9es personnelles lorsque l\u2019un des motifs \u00e9nonc\u00e9s dans la loi est rempli ;<\/p><p>(d) Restriction du traitement : le droit d\u2019obtenir la restriction du traitement lorsqu\u2019une des situations \u00e9num\u00e9r\u00e9es dans la l\u00e9gislation est remplie ;<\/p><p>(e) Opposition : le droit de s\u2019opposer \u00e0 tout moment au traitement des donn\u00e9es personnelles \u00e0 votre \u00e9gard ;<\/p><p>(f) Portabilit\u00e9 : le droit de recevoir des donn\u00e9es personnelles vous concernant dans un format structur\u00e9, couramment utilis\u00e9 et lisible par machine.<\/p><p>8.2. Vous avez \u00e9galement le droit de d\u00e9poser une plainte aupr\u00e8s de l\u2019autorit\u00e9 comp\u00e9tente de surveillance (Agence espagnole de protection des donn\u00e9es, situ\u00e9e Calle Jorge Juan, 6 28001- Madrid) www.aepd.es.<\/p><p>8.3. Pour exercer les droits mentionn\u00e9s ci-dessus, vous devez contacter Las Villas Ibiza via l\u2019email suivant : info@lasvillasibiza.com .<\/p><p>8.4. Si vous nous demandez de supprimer certaines ou toutes vos donn\u00e9es personnelles, il se peut que nous ne puissions pas vous fournir certains des services demand\u00e9s, et Las Villas Ibiza ne conservera que les donn\u00e9es personnelles n\u00e9cessaires pour se conformer aux obligations l\u00e9gales pertinentes.<\/p><p> <\/p><h2>9. QUAND DIVULGUONS-NOUS LES DONN\u00c9ES \u00c0 DES TIERS ?<\/h2><p>9.1. Las Villas Ibiza peut faire appel \u00e0 des tiers pour la fourniture de certains services, tels que la maintenance, le support technique, le marketing, la facturation ou la gestion des paiements, et ces tiers peuvent avoir acc\u00e8s \u00e0 certaines donn\u00e9es personnelles, en particulier celles n\u00e9cessaires aux fins contractuelles convenues.<\/p><p>9.2. Las Villas Ibiza veille \u00e0 ce que les entit\u00e9s ayant acc\u00e8s aux donn\u00e9es soient fiables et offrent de fortes garanties de protection, et qu\u2019aucune donn\u00e9e ne sera transmise au-del\u00e0 de ce qui est n\u00e9cessaire \u00e0 la fourniture du service sous contrat, et Las Villas Ibiza restera responsable des donn\u00e9es personnelles fournies.<\/p><p>9.3. Las Villas Ibiza peut \u00e9galement transmettre des donn\u00e9es \u00e0 des tiers dans le cadre d\u2019enqu\u00eates, d\u2019enqu\u00eates et de proc\u00e9dures judiciaires et\/ou administratives ou de nature similaire, \u00e0 condition que cela soit d\u00fbment ordonn\u00e9 par une ordonnance judiciaire.<\/p><p> <\/p><h2>10. SITES WEB TIERS.<\/h2><p>10.1. Le SITE WEB peut contenir des liens vers d\u2019autres sites web qui peuvent collecter et traiter vos donn\u00e9es personnelles, et ce traitement rel\u00e8ve exclusivement des propri\u00e9taires de ces sites, et Las Villas Ibiza n\u2019assume aucune responsabilit\u00e9 concernant leurs politiques et\/ou pratiques.<\/p><p>10.2. Quelques exemples de tiers sont Facebook, Instagram, YouTube, WhatsApp et LinkedIn via les boutons pr\u00e9sents sur le SITE WEB.<\/p><p> <\/p><h2>11. TRANSFERTS DE DONN\u00c9ES HORS DE L\u2019UNION EUROP\u00c9ENNE.<\/h2><p>11.1. En cas de transfert de donn\u00e9es vers des pays tiers hors de l\u2019Union europ\u00e9enne, Las Villas Ibiza respectera la r\u00e9glementation l\u00e9gale, notamment en ce qui concerne l\u2019ad\u00e9quation du pays de destination en mati\u00e8re de protection des donn\u00e9es personnelles et les exigences applicables \u00e0 ces transferts, sans transf\u00e9rer de donn\u00e9es personnelles vers des juridictions qui n\u2019offrent pas de garanties ad\u00e9quates de s\u00e9curit\u00e9 et de protection.<\/p><p> <\/p><h2>12. MINEURS.<\/h2><p>12.1. Le SITE WEB n\u2019est pas destin\u00e9 aux mineurs de moins de 16 ans, c\u2019est pourquoi nous demandons aux mineurs de ne pas nous fournir de donn\u00e9es personnelles via le SITE WEB, l\u2019application, les r\u00e9seaux sociaux ou l\u2019adresse \u00e9lectronique.<\/p><p> <\/p><h2>13. DONN\u00c9ES PERSONNELLES SENSIBLES.<\/h2><p>13.1. Las Villas Ibiza appr\u00e9cie que vous ne nous envoyiez pas ou ne nous fourniez pas de donn\u00e9es personnelles sensibles, c\u2019est-\u00e0-dire des informations r\u00e9v\u00e9lant une origine raciale ou ethnique, des opinions politiques, des croyances religieuses ou philosophiques, une appartenance syndicale, des informations g\u00e9n\u00e9tiques, des donn\u00e9es biom\u00e9triques, des donn\u00e9es de sant\u00e9 ou des donn\u00e9es sur la vie sexuelle ou l\u2019orientation sexuelle d\u2019une personne.<\/p><p>13.2. Dans le cas o\u00f9 vous soumettez ou nous fournissez de telles cat\u00e9gories de donn\u00e9es personnelles, elles seront supprim\u00e9es imm\u00e9diatement.<\/p><p> <\/p><h2>14. MODIFICATIONS DE LA POLITIQUE DE CONFIDENTIALIT\u00c9.<\/h2><p>14.1. Las Villas Ibiza se r\u00e9serve le droit d\u2019ajuster ou de modifier cette Politique de confidentialit\u00e9 \u00e0 tout moment, et ces modifications seront publi\u00e9es.<\/p><p> <\/p><h2>15. NOS COORDONN\u00c9ES.<\/h2><p>15.1. Si vous avez des questions ou des questions concernant cette Politique de confidentialit\u00e9, veuillez nous contacter par \u00e9crit par email info@lasvillasibiza.com.<\/p><\/div><\/div><\/div><\/div><\/div><\/div><\/div>\t\t\t\t\t\t\t\t<\/div>\n\t\t\t\t<\/div>\n\t\t\t\t\t<\/div>\n\t\t\t\t<\/div>\n\t\t\t\t<\/div>\n\t\t","protected":false},"excerpt":{"rendered":"<p>Politique de confidentialit\u00e9 Las Villas Ibiza, dont le si\u00e8ge est situ\u00e9 dans la Calle Vicente Cuervo 10 Bajo et NIF\/CIF, est le propri\u00e9taire du domaine www.lasvillasibiza.com, o\u00f9 est h\u00e9berg\u00e9 son site WEB. La Las Villas Ibiza S\u2019ENGAGE \u00c0 PROT\u00c9GER LA VIE PRIV\u00c9E ET LES DONN\u00c9ES PERSONNELLES DE SES CLIENTS ET UTILISATEURS DU SITE, ET A [&hellip;]<\/p>\n","protected":false},"author":2,"featured_media":0,"parent":0,"menu_order":0,"comment_status":"closed","ping_status":"closed","template":"","meta":{"_acf_changed":false,"footnotes":""},"class_list":["post-64078","page","type-page","status-publish","hentry"],"acf":[],"yoast_head":"<!-- This site is optimized with the Yoast SEO plugin v27.0 - https:\/\/yoast.com\/product\/yoast-seo-wordpress\/ -->\n<title>Politique de confidentialit\u00e9 - Las Villas de Ibiza<\/title>\n<meta name=\"robots\" content=\"noindex, follow, max-snippet:-1, max-image-preview:large, max-video-preview:-1\" \/>\n<meta property=\"og:locale\" content=\"fr_FR\" \/>\n<meta property=\"og:type\" content=\"article\" \/>\n<meta property=\"og:title\" content=\"Politique de confidentialit\u00e9 - Las Villas de Ibiza\" \/>\n<meta property=\"og:description\" content=\"Politique de confidentialit\u00e9 Las Villas Ibiza, dont le si\u00e8ge est situ\u00e9 dans la Calle Vicente Cuervo 10 Bajo et NIF\/CIF, est le propri\u00e9taire du domaine www.lasvillasibiza.com, o\u00f9 est h\u00e9berg\u00e9 son site WEB. La Las Villas Ibiza S\u2019ENGAGE \u00c0 PROT\u00c9GER LA VIE PRIV\u00c9E ET LES DONN\u00c9ES PERSONNELLES DE SES CLIENTS ET UTILISATEURS DU SITE, ET A [&hellip;]\" \/>\n<meta property=\"og:url\" content=\"https:\/\/lasvillasibizarentals.com\/fr\/politique-de-confidentialite\/\" \/>\n<meta property=\"og:site_name\" content=\"Las Villas de Ibiza\" \/>\n<meta property=\"article:modified_time\" content=\"2026-02-20T11:57:12+00:00\" \/>\n<meta name=\"twitter:card\" content=\"summary_large_image\" \/>\n<meta name=\"twitter:label1\" content=\"Dur\u00e9e de lecture estim\u00e9e\" \/>\n\t<meta name=\"twitter:data1\" content=\"11 minutes\" \/>\n<script type=\"application\/ld+json\" class=\"yoast-schema-graph\">{\"@context\":\"https:\/\/schema.org\",\"@graph\":[{\"@type\":\"WebPage\",\"@id\":\"https:\/\/lasvillasibizarentals.com\/fr\/politique-de-confidentialite\/\",\"url\":\"https:\/\/lasvillasibizarentals.com\/fr\/politique-de-confidentialite\/\",\"name\":\"Politique de confidentialit\u00e9 - Las Villas de Ibiza\",\"isPartOf\":{\"@id\":\"https:\/\/lasvillasibizarentals.com\/fr\/#website\"},\"datePublished\":\"2025-04-07T09:01:06+00:00\",\"dateModified\":\"2026-02-20T11:57:12+00:00\",\"breadcrumb\":{\"@id\":\"https:\/\/lasvillasibizarentals.com\/fr\/politique-de-confidentialite\/#breadcrumb\"},\"inLanguage\":\"fr-FR\",\"potentialAction\":[{\"@type\":\"ReadAction\",\"target\":[\"https:\/\/lasvillasibizarentals.com\/fr\/politique-de-confidentialite\/\"]}]},{\"@type\":\"BreadcrumbList\",\"@id\":\"https:\/\/lasvillasibizarentals.com\/fr\/politique-de-confidentialite\/#breadcrumb\",\"itemListElement\":[{\"@type\":\"ListItem\",\"position\":1,\"name\":\"Portada\",\"item\":\"https:\/\/lasvillasibizarentals.com\/fr\/\"},{\"@type\":\"ListItem\",\"position\":2,\"name\":\"Politique de confidentialit\u00e9\"}]},{\"@type\":\"WebSite\",\"@id\":\"https:\/\/lasvillasibizarentals.com\/fr\/#website\",\"url\":\"https:\/\/lasvillasibizarentals.com\/fr\/\",\"name\":\"Las Villas de Ibiza\",\"description\":\"Alquiler de villas en Ibiza\",\"potentialAction\":[{\"@type\":\"SearchAction\",\"target\":{\"@type\":\"EntryPoint\",\"urlTemplate\":\"https:\/\/lasvillasibizarentals.com\/fr\/?s={search_term_string}\"},\"query-input\":{\"@type\":\"PropertyValueSpecification\",\"valueRequired\":true,\"valueName\":\"search_term_string\"}}],\"inLanguage\":\"fr-FR\"}]}<\/script>\n<!-- \/ Yoast SEO plugin. -->","yoast_head_json":{"title":"Politique de confidentialit\u00e9 - Las Villas de Ibiza","robots":{"index":"noindex","follow":"follow","max-snippet":"max-snippet:-1","max-image-preview":"max-image-preview:large","max-video-preview":"max-video-preview:-1"},"og_locale":"fr_FR","og_type":"article","og_title":"Politique de confidentialit\u00e9 - Las Villas de Ibiza","og_description":"Politique de confidentialit\u00e9 Las Villas Ibiza, dont le si\u00e8ge est situ\u00e9 dans la Calle Vicente Cuervo 10 Bajo et NIF\/CIF, est le propri\u00e9taire du domaine www.lasvillasibiza.com, o\u00f9 est h\u00e9berg\u00e9 son site WEB. La Las Villas Ibiza S\u2019ENGAGE \u00c0 PROT\u00c9GER LA VIE PRIV\u00c9E ET LES DONN\u00c9ES PERSONNELLES DE SES CLIENTS ET UTILISATEURS DU SITE, ET A [&hellip;]","og_url":"https:\/\/lasvillasibizarentals.com\/fr\/politique-de-confidentialite\/","og_site_name":"Las Villas de Ibiza","article_modified_time":"2026-02-20T11:57:12+00:00","twitter_card":"summary_large_image","twitter_misc":{"Dur\u00e9e de lecture estim\u00e9e":"11 minutes"},"schema":{"@context":"https:\/\/schema.org","@graph":[{"@type":"WebPage","@id":"https:\/\/lasvillasibizarentals.com\/fr\/politique-de-confidentialite\/","url":"https:\/\/lasvillasibizarentals.com\/fr\/politique-de-confidentialite\/","name":"Politique de confidentialit\u00e9 - Las Villas de Ibiza","isPartOf":{"@id":"https:\/\/lasvillasibizarentals.com\/fr\/#website"},"datePublished":"2025-04-07T09:01:06+00:00","dateModified":"2026-02-20T11:57:12+00:00","breadcrumb":{"@id":"https:\/\/lasvillasibizarentals.com\/fr\/politique-de-confidentialite\/#breadcrumb"},"inLanguage":"fr-FR","potentialAction":[{"@type":"ReadAction","target":["https:\/\/lasvillasibizarentals.com\/fr\/politique-de-confidentialite\/"]}]},{"@type":"BreadcrumbList","@id":"https:\/\/lasvillasibizarentals.com\/fr\/politique-de-confidentialite\/#breadcrumb","itemListElement":[{"@type":"ListItem","position":1,"name":"Portada","item":"https:\/\/lasvillasibizarentals.com\/fr\/"},{"@type":"ListItem","position":2,"name":"Politique de confidentialit\u00e9"}]},{"@type":"WebSite","@id":"https:\/\/lasvillasibizarentals.com\/fr\/#website","url":"https:\/\/lasvillasibizarentals.com\/fr\/","name":"Las Villas de Ibiza","description":"Alquiler de villas en Ibiza","potentialAction":[{"@type":"SearchAction","target":{"@type":"EntryPoint","urlTemplate":"https:\/\/lasvillasibizarentals.com\/fr\/?s={search_term_string}"},"query-input":{"@type":"PropertyValueSpecification","valueRequired":true,"valueName":"search_term_string"}}],"inLanguage":"fr-FR"}]}},"_links":{"self":[{"href":"https:\/\/lasvillasibizarentals.com\/fr\/wp-json\/wp\/v2\/pages\/64078","targetHints":{"allow":["GET"]}}],"collection":[{"href":"https:\/\/lasvillasibizarentals.com\/fr\/wp-json\/wp\/v2\/pages"}],"about":[{"href":"https:\/\/lasvillasibizarentals.com\/fr\/wp-json\/wp\/v2\/types\/page"}],"author":[{"embeddable":true,"href":"https:\/\/lasvillasibizarentals.com\/fr\/wp-json\/wp\/v2\/users\/2"}],"replies":[{"embeddable":true,"href":"https:\/\/lasvillasibizarentals.com\/fr\/wp-json\/wp\/v2\/comments?post=64078"}],"version-history":[{"count":3,"href":"https:\/\/lasvillasibizarentals.com\/fr\/wp-json\/wp\/v2\/pages\/64078\/revisions"}],"predecessor-version":[{"id":64118,"href":"https:\/\/lasvillasibizarentals.com\/fr\/wp-json\/wp\/v2\/pages\/64078\/revisions\/64118"}],"wp:attachment":[{"href":"https:\/\/lasvillasibizarentals.com\/fr\/wp-json\/wp\/v2\/media?parent=64078"}],"curies":[{"name":"wp","href":"https:\/\/api.w.org\/{rel}","templated":true}]}}