{"id":64076,"date":"2025-04-07T09:00:53","date_gmt":"2025-04-07T09:00:53","guid":{"rendered":"https:\/\/lasvillasibizarentals.com\/avis-juridique\/"},"modified":"2026-02-20T11:03:46","modified_gmt":"2026-02-20T11:03:46","slug":"avis-juridique","status":"publish","type":"page","link":"https:\/\/lasvillasibizarentals.com\/fr\/avis-juridique\/","title":{"rendered":"Avis juridique"},"content":{"rendered":"\t\t<div data-elementor-type=\"wp-page\" data-elementor-id=\"64076\" class=\"elementor elementor-64076 elementor-276\" data-elementor-post-type=\"page\">\n\t\t\t\t<div class=\"elementor-element elementor-element-eaced85 e-flex e-con-boxed e-con e-parent\" data-id=\"eaced85\" data-element_type=\"container\" data-e-type=\"container\">\n\t\t\t\t\t<div class=\"e-con-inner\">\n\t\t\t\t<div class=\"elementor-element elementor-element-db48e3c elementor-widget elementor-widget-text-editor\" data-id=\"db48e3c\" data-element_type=\"widget\" data-e-type=\"widget\" data-widget_type=\"text-editor.default\">\n\t\t\t\t<div class=\"elementor-widget-container\">\n\t\t\t\t\t\t\t\t\t<h2>1. ACCORD ENTRE L\u2019UTILISATEUR ET Las Villas Ibiza<\/h2><p>Le site web est compos\u00e9 d\u2019un ensemble de pages.<br>Le site web est pr\u00e9sent\u00e9 \u00e0 condition que l\u2019utilisateur accepte de ne pas modifier les termes et conditions contenus ici, c\u2019est-\u00e0-dire qu\u2019en utilisant ce site, l\u2019utilisateur accepte les conditions d\u2019utilisation pr\u00e9sent\u00e9es.<\/p><p> <\/p><h2>2. MODIFICATION DES CONDITIONS D\u2019UTILISATION<\/h2><p>Las Villas Ibiza se r\u00e9serve le droit de modifier \u00e0 tout moment les conditions de pr\u00e9sentation du site web. Il est conseill\u00e9 \u00e0 l\u2019utilisateur de consulter r\u00e9guli\u00e8rement les r\u00e8glements sur cette page pour rester inform\u00e9 des Conditions d\u2019utilisation du site web. <\/p><p> <\/p><h2>3. REDIRECTION VERS D\u2019AUTRES SITES WEB<\/h2><p>Le site web peut contenir des liens vers des sites externes. Les sites web vers lesquels vous \u00eates redirig\u00e9 ne sont pas sous le contr\u00f4le de Las Villas Ibiza, et nous ne sommes pas responsables du contenu de tout site vers lequel vous \u00eates redirig\u00e9, y compris de toute limitation des redirections contenues dans un site redirig\u00e9, ni des modifications ou mises \u00e0 jour de tout site redirig\u00e9. Le site vous fournit ces liens uniquement par commodit\u00e9, et l\u2019inclusion n\u2019implique pas l\u2019approbation de Las Villas Ibiza du site visit\u00e9 ni une quelconque association avec ses exploitants.  <\/p><p> <\/p><h2>4. UTILISATION ILL\u00c9GALE OU INTERDITE<\/h2><p>En utilisant le site web, l\u2019utilisateur garantit qu\u2019il\/elle ne l\u2019utilisera pas \u00e0 des fins ill\u00e9gales ou interdites. Vous ne pouvez pas utiliser le site web de mani\u00e8re \u00e0 l\u2019endommager, le surcharger, le d\u00e9sactiver ou interf\u00e9rer avec l\u2019utilisation d\u2019une autre partie ou fonctionnalit\u00e9. Vous ne pouvez pas obtenir ni tenter d\u2019obtenir des informations ou contenus qui n\u2019ont pas \u00e9t\u00e9 intentionnellement mis \u00e0 disposition ou publi\u00e9s sur le site web.  <\/p><p> <\/p><h2>5. AVERTISSEMENT<\/h2><p>Les informations, logiciels, produits et services inclus ou disponibles via le site peuvent contenir des inexactitudes ou des erreurs typographiques, et des modifications sont effectu\u00e9es de temps \u00e0 autre. Le site web et\/ou les fournisseurs peuvent apporter des am\u00e9liorations ou des modifications au site \u00e0 tout moment. <br>Villas Ibiza et\/ou les fournisseurs ne sont pas responsables de la fiabilit\u00e9, de la disponibilit\u00e9 et de l\u2019exactitude des informations, programmes, produits, services, images et graphiques contenus sur le site web, ni de l\u2019utilisation abusive des informations, programmes, produits, services, images et graphiques, qui sont fournis tels quels, sans garantie ni condition quelconque.<br>Le site web de Las Villas Ibiza et\/ou les fournisseurs renoncent \u00e0 toutes les garanties et conditions concernant ces informations, programmes, produits, services, images et graphiques, y compris toutes les garanties implicites et conditions de marchandabilit\u00e9 et d\u2019aptitude \u00e0 un usage particulier.<\/p><p> <\/p><h2>6. ANNULATION\/RESTRICTION D\u2019ACC\u00c8S<\/h2><p>Las Villas Ibiza se r\u00e9serve le droit de mettre fin \u00e0 l\u2019acc\u00e8s de l\u2019utilisateur au site web et aux services associ\u00e9s, ou \u00e0 une partie de ceux-ci, \u00e0 tout moment et sans pr\u00e9avis ni observation. Toute action relative \u00e0 \u00ab utilisation illicite \u00bb du site dans ce contrat est r\u00e9gie par la loi espagnole en cas de litige relatif \u00e0 l\u2019utilisation du site. L\u2019utilisation du site Web est interdite dans toute juridiction o\u00f9 cet Accord n\u2019a pas d\u2019effet pour toutes les parties \u00e0 cet Accord et Conditions, y compris ce paragraphe.<br>Vous acceptez qu\u2019aucun partenariat, partenariat, emploi ou relation n\u2019existe entre vous et le site web et, par cons\u00e9quent, avec ce Contrat ou l\u2019utilisation du site. La performance de Las Villas Ibiza dans le cadre de cet accord est soumise aux lois et aux proc\u00e9dures juridiques en vigueur, et rien de ce contenu ne r\u00e9voque les droits du site web \u00e0 se conformer aux demandes ou exigences gouvernementales ou l\u00e9gales d\u2019utilisation du site.<br>Si une partie de cet accord est jug\u00e9e invalide, inex\u00e9cutoire ou contraire \u00e0 la loi, cette partie invalide sera remplac\u00e9e par une partie valide, appropri\u00e9e et la plus fid\u00e8le de l\u2019intention initiale, et le reste de l\u2019accord restera en vigueur. Cet accord constitue l\u2019int\u00e9gralit\u00e9 de l\u2019accord entre vous et Las Villas Ibiza concernant le site web et prime sur toutes les communications et propositions ant\u00e9rieures, qu\u2019elles soient \u00e9lectroniques, orales ou \u00e9crites, entre vous et Las Villas Ibiza concernant le site web. Une version imprim\u00e9e de cet accord et toutes les informations contenues dans le formulaire \u00e9lectronique peuvent \u00eatre demand\u00e9es dans le cadre de proc\u00e9dures judiciaires et administratives relatives \u00e0 cet accord.     <\/p><p> <\/p><h2>7. AVIS DE DROITS D\u2019AUTEUR ET DE MARQUES D\u00c9POS\u00c9ES<\/h2><p>Tout le contenu pr\u00e9sent sur le site web, tels que textes, images, graphismes, sons, vid\u00e9os, animations, t\u00e9l\u00e9chargements, ainsi que la mani\u00e8re dont ils sont pr\u00e9sent\u00e9s, la structure du site et l\u2019agencement des \u00e9l\u00e9ments, sont soumis au droit d\u2019auteur de notre marque, sauf indication contraire.<br>Aucune licence ou droit de propri\u00e9t\u00e9 n\u2019est accord\u00e9 sur les informations pr\u00e9sentes sur le site web, donc le contenu du site ne peut pas \u00eatre reproduit. Aucun contenu pr\u00e9sent sur le site ne peut \u00eatre copi\u00e9, distribu\u00e9, modifi\u00e9 ou plac\u00e9 sur un autre site sans le consentement \u00e9crit pr\u00e9alable de la marque. <\/p><p> <\/p><h2>8. MARQUES D\u00c9POS\u00c9ES<\/h2><p>Tous les services et marques d\u00e9pos\u00e9es de Las Villas Ibiza sont enregistr\u00e9s.<\/p><p> <\/p><h2>9. DROIT APPLICABLE<\/h2><p>Cette page et les Conditions d\u2019utilisation qu\u2019elle contient ont \u00e9t\u00e9 cr\u00e9\u00e9es conform\u00e9ment \u00e0 la l\u00e9gislation espagnole. En cas de divergence ou de conflit dans l\u2019interpr\u00e9tation des informations, celles-ci seront soumises au tribunal espagnol comp\u00e9tent pour analyse. <\/p>\t\t\t\t\t\t\t\t<\/div>\n\t\t\t\t<\/div>\n\t\t\t\t\t<\/div>\n\t\t\t\t<\/div>\n\t\t\t\t<\/div>\n\t\t","protected":false},"excerpt":{"rendered":"<p>1. ACCORD ENTRE L\u2019UTILISATEUR ET Las Villas Ibiza Le site web est compos\u00e9 d\u2019un ensemble de pages.Le site web est pr\u00e9sent\u00e9 \u00e0 condition que l\u2019utilisateur accepte de ne pas modifier les termes et conditions contenus ici, c\u2019est-\u00e0-dire qu\u2019en utilisant ce site, l\u2019utilisateur accepte les conditions d\u2019utilisation pr\u00e9sent\u00e9es. 2. MODIFICATION DES CONDITIONS D\u2019UTILISATION Las Villas Ibiza [&hellip;]<\/p>\n","protected":false},"author":2,"featured_media":0,"parent":0,"menu_order":0,"comment_status":"closed","ping_status":"closed","template":"","meta":{"_acf_changed":false,"footnotes":""},"class_list":["post-64076","page","type-page","status-publish","hentry"],"acf":[],"yoast_head":"<!-- This site is optimized with the Yoast SEO plugin v27.0 - https:\/\/yoast.com\/product\/yoast-seo-wordpress\/ -->\n<title>Avis juridique - Las Villas de Ibiza<\/title>\n<meta name=\"robots\" content=\"noindex, follow, max-snippet:-1, max-image-preview:large, max-video-preview:-1\" \/>\n<meta property=\"og:locale\" content=\"fr_FR\" \/>\n<meta property=\"og:type\" content=\"article\" \/>\n<meta property=\"og:title\" content=\"Avis juridique - Las Villas de Ibiza\" \/>\n<meta property=\"og:description\" content=\"1. ACCORD ENTRE L\u2019UTILISATEUR ET Las Villas Ibiza Le site web est compos\u00e9 d\u2019un ensemble de pages.Le site web est pr\u00e9sent\u00e9 \u00e0 condition que l\u2019utilisateur accepte de ne pas modifier les termes et conditions contenus ici, c\u2019est-\u00e0-dire qu\u2019en utilisant ce site, l\u2019utilisateur accepte les conditions d\u2019utilisation pr\u00e9sent\u00e9es. 2. MODIFICATION DES CONDITIONS D\u2019UTILISATION Las Villas Ibiza [&hellip;]\" \/>\n<meta property=\"og:url\" content=\"https:\/\/lasvillasibizarentals.com\/fr\/avis-juridique\/\" \/>\n<meta property=\"og:site_name\" content=\"Las Villas de Ibiza\" \/>\n<meta property=\"article:modified_time\" content=\"2026-02-20T11:03:46+00:00\" \/>\n<meta name=\"twitter:card\" content=\"summary_large_image\" \/>\n<meta name=\"twitter:label1\" content=\"Dur\u00e9e de lecture estim\u00e9e\" \/>\n\t<meta name=\"twitter:data1\" content=\"5 minutes\" \/>\n<script type=\"application\/ld+json\" class=\"yoast-schema-graph\">{\"@context\":\"https:\/\/schema.org\",\"@graph\":[{\"@type\":\"WebPage\",\"@id\":\"https:\/\/lasvillasibizarentals.com\/fr\/avis-juridique\/\",\"url\":\"https:\/\/lasvillasibizarentals.com\/fr\/avis-juridique\/\",\"name\":\"Avis juridique - Las Villas de Ibiza\",\"isPartOf\":{\"@id\":\"https:\/\/lasvillasibizarentals.com\/fr\/#website\"},\"datePublished\":\"2025-04-07T09:00:53+00:00\",\"dateModified\":\"2026-02-20T11:03:46+00:00\",\"breadcrumb\":{\"@id\":\"https:\/\/lasvillasibizarentals.com\/fr\/avis-juridique\/#breadcrumb\"},\"inLanguage\":\"fr-FR\",\"potentialAction\":[{\"@type\":\"ReadAction\",\"target\":[\"https:\/\/lasvillasibizarentals.com\/fr\/avis-juridique\/\"]}]},{\"@type\":\"BreadcrumbList\",\"@id\":\"https:\/\/lasvillasibizarentals.com\/fr\/avis-juridique\/#breadcrumb\",\"itemListElement\":[{\"@type\":\"ListItem\",\"position\":1,\"name\":\"Portada\",\"item\":\"https:\/\/lasvillasibizarentals.com\/fr\/\"},{\"@type\":\"ListItem\",\"position\":2,\"name\":\"Avis juridique\"}]},{\"@type\":\"WebSite\",\"@id\":\"https:\/\/lasvillasibizarentals.com\/fr\/#website\",\"url\":\"https:\/\/lasvillasibizarentals.com\/fr\/\",\"name\":\"Las Villas de Ibiza\",\"description\":\"Alquiler de villas en Ibiza\",\"potentialAction\":[{\"@type\":\"SearchAction\",\"target\":{\"@type\":\"EntryPoint\",\"urlTemplate\":\"https:\/\/lasvillasibizarentals.com\/fr\/?s={search_term_string}\"},\"query-input\":{\"@type\":\"PropertyValueSpecification\",\"valueRequired\":true,\"valueName\":\"search_term_string\"}}],\"inLanguage\":\"fr-FR\"}]}<\/script>\n<!-- \/ Yoast SEO plugin. -->","yoast_head_json":{"title":"Avis juridique - Las Villas de Ibiza","robots":{"index":"noindex","follow":"follow","max-snippet":"max-snippet:-1","max-image-preview":"max-image-preview:large","max-video-preview":"max-video-preview:-1"},"og_locale":"fr_FR","og_type":"article","og_title":"Avis juridique - Las Villas de Ibiza","og_description":"1. ACCORD ENTRE L\u2019UTILISATEUR ET Las Villas Ibiza Le site web est compos\u00e9 d\u2019un ensemble de pages.Le site web est pr\u00e9sent\u00e9 \u00e0 condition que l\u2019utilisateur accepte de ne pas modifier les termes et conditions contenus ici, c\u2019est-\u00e0-dire qu\u2019en utilisant ce site, l\u2019utilisateur accepte les conditions d\u2019utilisation pr\u00e9sent\u00e9es. 2. MODIFICATION DES CONDITIONS D\u2019UTILISATION Las Villas Ibiza [&hellip;]","og_url":"https:\/\/lasvillasibizarentals.com\/fr\/avis-juridique\/","og_site_name":"Las Villas de Ibiza","article_modified_time":"2026-02-20T11:03:46+00:00","twitter_card":"summary_large_image","twitter_misc":{"Dur\u00e9e de lecture estim\u00e9e":"5 minutes"},"schema":{"@context":"https:\/\/schema.org","@graph":[{"@type":"WebPage","@id":"https:\/\/lasvillasibizarentals.com\/fr\/avis-juridique\/","url":"https:\/\/lasvillasibizarentals.com\/fr\/avis-juridique\/","name":"Avis juridique - Las Villas de Ibiza","isPartOf":{"@id":"https:\/\/lasvillasibizarentals.com\/fr\/#website"},"datePublished":"2025-04-07T09:00:53+00:00","dateModified":"2026-02-20T11:03:46+00:00","breadcrumb":{"@id":"https:\/\/lasvillasibizarentals.com\/fr\/avis-juridique\/#breadcrumb"},"inLanguage":"fr-FR","potentialAction":[{"@type":"ReadAction","target":["https:\/\/lasvillasibizarentals.com\/fr\/avis-juridique\/"]}]},{"@type":"BreadcrumbList","@id":"https:\/\/lasvillasibizarentals.com\/fr\/avis-juridique\/#breadcrumb","itemListElement":[{"@type":"ListItem","position":1,"name":"Portada","item":"https:\/\/lasvillasibizarentals.com\/fr\/"},{"@type":"ListItem","position":2,"name":"Avis juridique"}]},{"@type":"WebSite","@id":"https:\/\/lasvillasibizarentals.com\/fr\/#website","url":"https:\/\/lasvillasibizarentals.com\/fr\/","name":"Las Villas de Ibiza","description":"Alquiler de villas en Ibiza","potentialAction":[{"@type":"SearchAction","target":{"@type":"EntryPoint","urlTemplate":"https:\/\/lasvillasibizarentals.com\/fr\/?s={search_term_string}"},"query-input":{"@type":"PropertyValueSpecification","valueRequired":true,"valueName":"search_term_string"}}],"inLanguage":"fr-FR"}]}},"_links":{"self":[{"href":"https:\/\/lasvillasibizarentals.com\/fr\/wp-json\/wp\/v2\/pages\/64076","targetHints":{"allow":["GET"]}}],"collection":[{"href":"https:\/\/lasvillasibizarentals.com\/fr\/wp-json\/wp\/v2\/pages"}],"about":[{"href":"https:\/\/lasvillasibizarentals.com\/fr\/wp-json\/wp\/v2\/types\/page"}],"author":[{"embeddable":true,"href":"https:\/\/lasvillasibizarentals.com\/fr\/wp-json\/wp\/v2\/users\/2"}],"replies":[{"embeddable":true,"href":"https:\/\/lasvillasibizarentals.com\/fr\/wp-json\/wp\/v2\/comments?post=64076"}],"version-history":[{"count":1,"href":"https:\/\/lasvillasibizarentals.com\/fr\/wp-json\/wp\/v2\/pages\/64076\/revisions"}],"predecessor-version":[{"id":64077,"href":"https:\/\/lasvillasibizarentals.com\/fr\/wp-json\/wp\/v2\/pages\/64076\/revisions\/64077"}],"wp:attachment":[{"href":"https:\/\/lasvillasibizarentals.com\/fr\/wp-json\/wp\/v2\/media?parent=64076"}],"curies":[{"name":"wp","href":"https:\/\/api.w.org\/{rel}","templated":true}]}}